{"id":7173,"date":"2025-07-16T13:47:21","date_gmt":"2025-07-16T12:47:21","guid":{"rendered":"https:\/\/uvalal.uva.es\/?page_id=7173"},"modified":"2025-10-21T08:34:47","modified_gmt":"2025-10-21T07:34:47","slug":"recogida-de-datos","status":"publish","type":"page","link":"https:\/\/uvalal.uva.es\/index.php\/es\/resultados\/recogida-de-datos\/","title":{"rendered":"recogida de datos"},"content":{"rendered":"\t\t<div data-elementor-type=\"wp-page\" data-elementor-id=\"7173\" class=\"elementor elementor-7173\">\n\t\t\t\t\t\t<section class=\"elementor-section elementor-top-section elementor-element elementor-element-75a7ffa4 elementor-section-boxed elementor-section-height-default elementor-section-height-default\" data-id=\"75a7ffa4\" data-element_type=\"section\" data-e-type=\"section\">\n\t\t\t\t\t\t<div class=\"elementor-container elementor-column-gap-default\">\n\t\t\t\t\t<div class=\"elementor-column elementor-col-100 elementor-top-column elementor-element elementor-element-2b1556d4\" data-id=\"2b1556d4\" data-element_type=\"column\" data-e-type=\"column\">\n\t\t\t<div class=\"elementor-widget-wrap elementor-element-populated\">\n\t\t\t\t\t\t<div class=\"elementor-element elementor-element-56774004 elementor-widget elementor-widget-text-editor\" data-id=\"56774004\" data-element_type=\"widget\" data-e-type=\"widget\" data-widget_type=\"text-editor.default\">\n\t\t\t\t<div class=\"elementor-widget-container\">\n\t\t\t\t\t\t\t\t\t<p><span style=\"color: #50a2ce\"><strong>(\u00faltimos 5 a\u00f1os)<\/strong><\/span><\/p>\n<ul style=\"font-weight: 400\">\n<li>2025<br><ul style=\"font-weight: 400\">\n<li>Colegio Ave Mar\u00eda (Valladolid, Espa\u00f1a)<\/li>\n<li><span style=\"font-family: inherit\">Colegio Internacional de Valladolid (Espa\u00f1a)<\/span><\/li>\n<li><span style=\"font-family: inherit\">University of New Mexico (EEUU)<\/span><\/li>\n<li><span style=\"font-family: inherit\">Cien Aguas International School (New Mexico, EEUU)<\/span><\/li>\n<li><span style=\"font-family: inherit\">Univerzitet u Banjoj Luci, Banja Luka (Bosnia y Hercegovina)<\/span><\/li>\n<li><span style=\"font-family: inherit\">Prior Park (Gibraltar, Reino Unido)<\/span><\/li>\n<li><span style=\"font-family: inherit\">Sotogrande International School (Cadiz, Espa\u00f1a)<\/span><\/li>\n<\/ul>\n<\/li>\n<\/ul>\n<ul>\n<li style=\"list-style-type: none\">\n<ul style=\"font-weight: 400\">\n<li>2024\n<ul>\n<li>The University of Arizona (EEUU)<\/li>\n<li>University of Texas at Austin (EEUU)<\/li>\n<\/ul>\n<\/li>\n<li>2022-2023\n<ul>\n<li>John Mackintosh Hall (Gibraltar, Reino Unido)<\/li>\n<\/ul>\n<\/li>\n<li>2022\n<ul>\n<li>Universidad de Gibraltar (Reino Unido)<\/li>\n<\/ul>\n<\/li>\n<li>2020\n<ul>\n<li>Colegio Francisco Pino (Valladolid, Espa\u00f1a)<\/li>\n<\/ul>\n<\/li>\n<li>&nbsp;<\/li>\n<li>2017-2020\n<ul>\n<li>Centro de idiomas, Universidad de Valladolid (Espa\u00f1a)<\/li>\n<li>Colegio Ave Mar\u00eda (Valladolid, Espa\u00f1a)<\/li>\n<\/ul>\n<\/li>\n<li>&nbsp;<\/li>\n<li>2007-2022\n<ul>\n<li>Colegio Internacional de Valladolid (Espa\u00f1a)<\/li>\n<\/ul>\n<\/li>\n<\/ul>\n<\/li>\n<\/ul>\n<p style=\"text-align: right\"><a href=\"https:\/\/uvalal.uva.es\/index.php\/es\/recogidas-de-datos-anteriores\/\"><span style=\"color: #50a2ce\"><strong>recogidas de datos anteriores<\/strong><\/span><\/a><\/p>\t\t\t\t\t\t\t\t<\/div>\n\t\t\t\t<\/div>\n\t\t\t\t\t<\/div>\n\t\t<\/div>\n\t\t\t\t\t<\/div>\n\t\t<\/section>\n\t\t\t\t<\/div>\n\t\t","protected":false},"excerpt":{"rendered":"<p>(\u00faltimos 5 a\u00f1os) 2025 Colegio Ave Mar\u00eda (Valladolid, Espa\u00f1a) Colegio Internacional de Valladolid (Espa\u00f1a) University of New Mexico (EEUU) Cien Aguas International School (New Mexico, EEUU) Univerzitet u Banjoj Luci, Banja Luka (Bosnia y Hercegovina) Prior Park (Gibraltar, Reino Unido) Sotogrande International School (Cadiz, Espa\u00f1a) 2024 The University of Arizona (EEUU) University of Texas at [&hellip;]<\/p>\n","protected":false},"author":452,"featured_media":0,"parent":149,"menu_order":3,"comment_status":"closed","ping_status":"closed","template":"page-full-width.php","meta":{"footnotes":""},"class_list":["post-7173","page","type-page","status-publish","hentry"],"_links":{"self":[{"href":"https:\/\/uvalal.uva.es\/index.php\/wp-json\/wp\/v2\/pages\/7173","targetHints":{"allow":["GET"]}}],"collection":[{"href":"https:\/\/uvalal.uva.es\/index.php\/wp-json\/wp\/v2\/pages"}],"about":[{"href":"https:\/\/uvalal.uva.es\/index.php\/wp-json\/wp\/v2\/types\/page"}],"author":[{"embeddable":true,"href":"https:\/\/uvalal.uva.es\/index.php\/wp-json\/wp\/v2\/users\/452"}],"replies":[{"embeddable":true,"href":"https:\/\/uvalal.uva.es\/index.php\/wp-json\/wp\/v2\/comments?post=7173"}],"version-history":[{"count":5,"href":"https:\/\/uvalal.uva.es\/index.php\/wp-json\/wp\/v2\/pages\/7173\/revisions"}],"predecessor-version":[{"id":7388,"href":"https:\/\/uvalal.uva.es\/index.php\/wp-json\/wp\/v2\/pages\/7173\/revisions\/7388"}],"up":[{"embeddable":true,"href":"https:\/\/uvalal.uva.es\/index.php\/wp-json\/wp\/v2\/pages\/149"}],"wp:attachment":[{"href":"https:\/\/uvalal.uva.es\/index.php\/wp-json\/wp\/v2\/media?parent=7173"}],"curies":[{"name":"wp","href":"https:\/\/api.w.org\/{rel}","templated":true}]}}