{"id":7103,"date":"2025-07-16T12:30:06","date_gmt":"2025-07-16T11:30:06","guid":{"rendered":"https:\/\/uvalal.uva.es\/?page_id=7103"},"modified":"2025-10-21T08:09:12","modified_gmt":"2025-10-21T07:09:12","slug":"previous-data-collection","status":"publish","type":"page","link":"https:\/\/uvalal.uva.es\/index.php\/previous-data-collection\/","title":{"rendered":"previous data collection"},"content":{"rendered":"\t\t<div data-elementor-type=\"wp-page\" data-elementor-id=\"7103\" class=\"elementor elementor-7103\">\n\t\t\t\t\t\t<section class=\"elementor-section elementor-top-section elementor-element elementor-element-7a5257b elementor-section-boxed elementor-section-height-default elementor-section-height-default\" data-id=\"7a5257b\" data-element_type=\"section\" data-e-type=\"section\">\n\t\t\t\t\t\t<div class=\"elementor-container elementor-column-gap-default\">\n\t\t\t\t\t<div class=\"elementor-column elementor-col-100 elementor-top-column elementor-element elementor-element-42b0739\" data-id=\"42b0739\" data-element_type=\"column\" data-e-type=\"column\">\n\t\t\t<div class=\"elementor-widget-wrap elementor-element-populated\">\n\t\t\t\t\t\t<div class=\"elementor-element elementor-element-98afd54 elementor-widget elementor-widget-text-editor\" data-id=\"98afd54\" data-element_type=\"widget\" data-e-type=\"widget\" data-widget_type=\"text-editor.default\">\n\t\t\t\t<div class=\"elementor-widget-container\">\n\t\t\t\t\t\t\t\t\t<ul><li>2025<ul><li>Colegio Ave Mar\u00eda (Valladolid, Spain)<\/li><li>Colegio Internacional de Valladolid (Spain)<\/li><li>University of New Mexico (USA)<\/li><li>Cien Aguas International School (New Mexico, USA)<\/li><li>Univerzitet u Banjoj Luci, Banja Luka (Bosnia and Hercegovina)<\/li><li>Prior Park (Gibraltar, UK)<\/li><li>Sotogrande International School (Cadiz, Spain)<\/li><\/ul><\/li><li>2024<ul><li>The University of Arizona (USA)<\/li><li>University of Texas at Austin (USA)<\/li><\/ul><\/li><li>2022-2023<ul><li>John Mackintosh Hall (Gibraltar, UK)<\/li><\/ul><\/li><li>2022<ul><li>Universidad de Gibraltar (UK)<\/li><\/ul><\/li><li>2020<ul><li>Colegio Francisco Pino (Valladolid, Spain)<\/li><\/ul><\/li><li>2019<ul><li>Beijing Language and Culture University (China)<\/li><\/ul><\/li><li>2017-2020<ul><li>Centro de idiomas, Universidad de Valladolid (Spain)<\/li><li>Colegio Ave Mar\u00eda (Valladolid, Spain)<\/li><\/ul><\/li><li>2017<ul><li>Westside School, Gibraltar (UK)<\/li><li>Bayside Comprehensive School, Gibraltar (UK)<\/li><li>University of Florida (USA)<\/li><\/ul><\/li><li>2014<ul><li>Osnovna \u0161kola Aleksa \u0160anti\u0107a, Banja Luka (Bosnia and Hercegovina)<\/li><li>Pedersborg skole, Sor\u00f8 (Denmark)<\/li><\/ul><\/li><li>2007-2022<ul><li>Colegio Internacional de Valladolid (Spain)<\/li><\/ul><\/li><li>2006-2008<ul><li>Colegio San Juan Bautista de La Salle de Valladolid (Spain)<\/li><\/ul><\/li><\/ul>\t\t\t\t\t\t\t\t<\/div>\n\t\t\t\t<\/div>\n\t\t\t\t\t<\/div>\n\t\t<\/div>\n\t\t\t\t\t<\/div>\n\t\t<\/section>\n\t\t\t\t<\/div>\n\t\t","protected":false},"excerpt":{"rendered":"<p>2025 Colegio Ave Mar\u00eda (Valladolid, Spain) Colegio Internacional de Valladolid (Spain) University of New Mexico (USA) Cien Aguas International School (New Mexico, USA) Univerzitet u Banjoj Luci, Banja Luka (Bosnia and Hercegovina) Prior Park (Gibraltar, UK) Sotogrande International School (Cadiz, Spain) 2024 The University of Arizona (USA) University of Texas at Austin (USA) 2022-2023 John [&hellip;]<\/p>\n","protected":false},"author":452,"featured_media":0,"parent":0,"menu_order":0,"comment_status":"closed","ping_status":"closed","template":"page-full-width.php","meta":{"footnotes":""},"class_list":["post-7103","page","type-page","status-publish","hentry"],"_links":{"self":[{"href":"https:\/\/uvalal.uva.es\/index.php\/wp-json\/wp\/v2\/pages\/7103","targetHints":{"allow":["GET"]}}],"collection":[{"href":"https:\/\/uvalal.uva.es\/index.php\/wp-json\/wp\/v2\/pages"}],"about":[{"href":"https:\/\/uvalal.uva.es\/index.php\/wp-json\/wp\/v2\/types\/page"}],"author":[{"embeddable":true,"href":"https:\/\/uvalal.uva.es\/index.php\/wp-json\/wp\/v2\/users\/452"}],"replies":[{"embeddable":true,"href":"https:\/\/uvalal.uva.es\/index.php\/wp-json\/wp\/v2\/comments?post=7103"}],"version-history":[{"count":5,"href":"https:\/\/uvalal.uva.es\/index.php\/wp-json\/wp\/v2\/pages\/7103\/revisions"}],"predecessor-version":[{"id":7367,"href":"https:\/\/uvalal.uva.es\/index.php\/wp-json\/wp\/v2\/pages\/7103\/revisions\/7367"}],"wp:attachment":[{"href":"https:\/\/uvalal.uva.es\/index.php\/wp-json\/wp\/v2\/media?parent=7103"}],"curies":[{"name":"wp","href":"https:\/\/api.w.org\/{rel}","templated":true}]}}