{"id":68,"date":"2017-10-28T09:55:29","date_gmt":"2017-10-28T09:55:29","guid":{"rendered":"http:\/\/www3.uva.es\/uvalal\/?page_id=68"},"modified":"2025-07-16T13:21:43","modified_gmt":"2025-07-16T12:21:43","slug":"conferences-participation","status":"publish","type":"page","link":"https:\/\/uvalal.uva.es\/index.php\/results\/conferences-participation\/","title":{"rendered":"conferences (participation)"},"content":{"rendered":"\t\t<div data-elementor-type=\"wp-page\" data-elementor-id=\"68\" class=\"elementor elementor-68\">\n\t\t\t\t\t\t<section class=\"elementor-section elementor-top-section elementor-element elementor-element-5460d3e elementor-section-boxed elementor-section-height-default elementor-section-height-default\" data-id=\"5460d3e\" data-element_type=\"section\" data-e-type=\"section\">\n\t\t\t\t\t\t<div class=\"elementor-container elementor-column-gap-default\">\n\t\t\t\t\t<div class=\"elementor-column elementor-col-100 elementor-top-column elementor-element elementor-element-ed2e40e\" data-id=\"ed2e40e\" data-element_type=\"column\" data-e-type=\"column\">\n\t\t\t<div class=\"elementor-widget-wrap elementor-element-populated\">\n\t\t\t\t\t\t<div class=\"elementor-element elementor-element-a81b7bb elementor-widget elementor-widget-accordion\" data-id=\"a81b7bb\" data-element_type=\"widget\" data-e-type=\"widget\" data-widget_type=\"accordion.default\">\n\t\t\t\t<div class=\"elementor-widget-container\">\n\t\t\t\t\t\t\t<div class=\"elementor-accordion\">\n\t\t\t\t\t\t\t<div class=\"elementor-accordion-item\">\n\t\t\t\t\t<div id=\"elementor-tab-title-1761\" class=\"elementor-tab-title\" data-tab=\"1\" role=\"button\" aria-controls=\"elementor-tab-content-1761\" aria-expanded=\"false\">\n\t\t\t\t\t\t\t\t\t\t\t\t\t<span class=\"elementor-accordion-icon elementor-accordion-icon-right\" aria-hidden=\"true\">\n\t\t\t\t\t\t\t\t\t\t\t\t\t\t\t<span class=\"elementor-accordion-icon-closed\"><i class=\"fas fa-plus\"><\/i><\/span>\n\t\t\t\t\t\t\t\t<span class=\"elementor-accordion-icon-opened\"><i class=\"fas fa-minus\"><\/i><\/span>\n\t\t\t\t\t\t\t\t\t\t\t\t\t\t<\/span>\n\t\t\t\t\t\t\t\t\t\t\t\t<a class=\"elementor-accordion-title\" tabindex=\"0\">participation in conferences (last 5 years)<\/a>\n\t\t\t\t\t<\/div>\n\t\t\t\t\t<div id=\"elementor-tab-content-1761\" class=\"elementor-tab-content elementor-clearfix\" data-tab=\"1\" role=\"region\" aria-labelledby=\"elementor-tab-title-1761\"><p><strong>202<\/strong><strong>5<\/strong><\/p><ul><li>CIE (2025): E. Mart\u00ednez Garc\u00eda y M\u00aa T. Mart\u00ednez Garc\u00eda. Impacto Econ\u00f3mico del Espa\u00f1ol en Corea del Sur: Retos y Oportunidades Emergentes. Universidad de Salamanca, Espa\u00f1a<\/li><li>CIINECO (2025): S. Mujcinovic y T. G\u00f3mez Carrero. 2025. Biling\u00fcismo al poder: estrategias para conocer y reconocer al biling\u00fce. Online<\/li><li>ISB (2025): T. G\u00f3mez Carrero, R. Fern\u00e1ndez Fuertes, R., E. \u00c1lvarez de la Fuente y S. Mujcinovic. Age and language dominance at the crossroads of bilingual processing: codeswitching in Gibraltar.\u00a0BCBL \u2013 Basque Center on Cognition, Brain and Language, Espa\u00f1a<\/li><li>New Sounds (2025): M\u00aa T. Mart\u00ednez Garc\u00eda, S. Schwab y J. Llisterri (p\u00f3ster). The perception of lexical stress in Spanish by Seoul and Kyungsang Korean speakers: A comparative study<\/li><li>New Sounds (2025): S. Schwab y M\u00aa T. Mart\u00ednez Garc\u00eda. Perceptual ability as a predictor of word-level stress use in L2 Spanish word recognition. University of Toronto, Canad\u00e1<\/li><li>NOCroDeP (2025): S. Mujcinovic, Q. Yuan y R. Fern\u00e1ndez Fuertes. Understanding null objects in L2 English: from acceptability to production. Universitat de les Illes Balears.<\/li><li>Psychoshorts (2025): S\u00e1nchez Calder\u00f3n y R. Fern\u00e1ndez Fuertes. Second language acquisition of English dative alternating structures by Spanish native speakers: potential crosslinguistic effects. Universidad de Ottawa, Canad\u00e1<\/li><li>SELL (2025): A. Ogneva y T. G\u00f3mez Carrero. El g\u00e9nero gramatical en el espa\u00f1ol como segunda lengua: el efecto de la L1 y las metodolog\u00edas. Universidad de Salamanca, Espa\u00f1a<\/li><\/ul><p>\u00a0<\/p><p><strong>202<\/strong><strong>4<\/strong><\/p><ul><li>AESLA (2024): R. Fern\u00e1ndez Fuertes, T. G\u00f3mez Carrero, E. \u00c1lvarez de la Fuente y S. Mujcinovic. Spanish as a heritage language in Gibraltar: The role of lexical access to formal features in the bilingual mind. Universitat de Val\u00e8ncia, Espa\u00f1a<\/li><li>AESLA (2024): S. Mujcinovic, R. Fern\u00e1ndez Fuertes y E. G\u00f3mez Garzar\u00e1n. English grammar teaching in primary school: Does it work? Universitat de Val\u00e8ncia, Espa\u00f1a<\/li><li>GIC (2024): R. Fern\u00e1ndez Fuertes, T. G\u00f3mez Carrero, E. \u00c1lvarez de la Fuente y S. Mujcinovic. Codeswitching preferences in Gibraltar: when dominance and age are involved. Universidade de Vigo, Espa\u00f1a<\/li><li>SRC (2024): S. Mujcinovic and I. Ma\u00f1as Navarrete. What can language typology and time of instruction say about narrative development in English as a foreign language? Universitat Internacional de Catalunya, Espa\u00f1a<\/li><\/ul><p><strong>\u00a0<\/strong><\/p><p><strong>202<\/strong><strong>3<\/strong><\/p><p>\u00a0<\/p><ul><li>AESLA (2023): R. Fern\u00e1ndez Fuertes y Q. Yuan. Characterizing negative crosslinguistic influence effects in experimental data in the direct object domain. Universidad de Extremadura, Espa\u00f1a<\/li><li>AESLA (2023): T. G\u00f3mez Carrero y A. Ogneva. Dealing with gender: L1 Russian adults acquiring Spanish grammatical gender as L2. Universidad de Extremadura, Espa\u00f1a<\/li><li>AESLA (2023): T. G\u00f3mez Carrero, R. Fern\u00e1ndez Fuertes, E. \u00c1lvarez de la Fuente y S. Mujcinovic. Sensitivity to Spanish grammatical gender: L1 versus heritage Spanish bilinguals\u2019 eye movements. Universidad de Extremadura, Espa\u00f1a<\/li><li>AILA (2023): J.M. Liceras y R. Fern\u00e1ndez Fuertes. Codeswitching and grammatical gender: language dominance at the crossroads of convergent\/divergent experimental data. Universidad de Lyon, Francia<\/li><li>AILA (2023): R. Stankova Laykova y R. Fern\u00e1ndez Fuertes. L1 Spanish in contact with HL English and with HL Bulgarian: Does language dominance relate to lexical specialization? Universidad de Lyon, Francia<\/li><li>AMLaP (2023): R. Fern\u00e1ndez Fuertes, T. G\u00f3mez Carrero y J. Mu\u00f1oz Liceras. Exploring the mental lexicon of bilingual children when processing codeswitched determiner phrases. BCBL \u2013 Basque Center on Cognition, Brain and Language, Espa\u00f1a<\/li><li>BUCLD (2023): R. Fern\u00e1ndez Fuertes, T. G\u00f3mez Carrero y J.M. Liceras. Investigating the processing of codeswitched determiner phrases: a window to explore the child bilingual mental lexicon. Boston University, EE.UU.<\/li><li>CILG (2023): J.M. Liceras y R. Fern\u00e1ndez Fuertes. La encrucijada acceso l\u00e9xico y cotejo de rasgos en el espa\u00f1ol no nativo: el g\u00e9nero gramatical y la alternancia de c\u00f3digos. Universidad Complutense de Madrid, Espa\u00f1a<\/li><li>ISB (2023): R. Fern\u00e1ndez Fuertes, Q. Yuan y S. Mujcinovic. Exploring negative crosslinguistic influence effects in the direct object domain. Macquarie University, Australia<\/li><li>LASLAB (2023): R. Fern\u00e1ndez Fuertes y E. G\u00f3mez Garzar\u00e1n. Explicit instruction and length of exposure in the teaching of English noun-noun compounds: Two good \u2018ingredients\u2019 for Spanish children in primary education. Universidad del Pa\u00eds Vasco, Espa\u00f1a<\/li><li>NODOS (2023):\u00a0R. Fern\u00e1ndez Fuertes, S. Mujcinovic y Q. Yuan. Learning of object and verb properties: how much does the first language weigh in second language learning? Universidad de Sevilla, Espa\u00f1a<\/li><li>RT (2023): S. S\u00e1nchez Calder\u00f3n y R. Fern\u00e1ndez Fuertes. The interplay between acquisition context and language status in the acquisition of datives by bilingual Spanish children. UNED, Espa\u00f1a<\/li><\/ul><p><strong>\u00a0<\/strong><\/p><p><strong>202<\/strong><strong>2<\/strong><\/p><ul><li>BIUNED (2022): R. Stankova Laykova y R. Fern\u00e1ndez Fuertes. Lexical specialization and language dominance: copula and auxiliary verbs in L1 and 2L1 acquisition. UNED, Espa\u00f1a<\/li><li>BMRS (2022): R. Fern\u00e1ndez Fuertes y E. G\u00f3mez Garzar\u00e1n. Does teaching grammar pay off? L2 English in a Spanish primary school.\u00a0University of Edinburg, Reino Unido<\/li><li>BMRS (2022): R. Fern\u00e1ndez Fuertes, Q. Yuan y S. Mujcinovic. What is behind object omission in L2 English: crosslinguistic influence or verb type and verb form? University of Edinburg, Reino Unido<\/li><li>ELLME (2022): S. Mujcinovic y R. Fern\u00e1ndez Fuertes. L2 English children\u2019s subject production: lexical specialization, typology and time of instruction in L2 attainment. Universidad de Granada, Espa\u00f1a<\/li><li>ELLME (2022): S\u00e1nchez Calder\u00f3n y R. Fern\u00e1ndez Fuertes. English-Spanish bilingual acquisition of English monotransitives in the active and passive voice from birth. Universidad de Granada, Espa\u00f1a<\/li><li>ELLME (2022): T. G\u00f3mez Carrero y R. Fern\u00e1ndez Fuertes. Bilingual children\u2019s language interplay through the analysis of codeswitching. Universidad de Granada, Espa\u00f1a<\/li><li>ISMBS (2022): S\u00e1nchez Calder\u00f3n y R. Fern\u00e1ndez Fuertes. Do girls differ from boys in the monolingual acquisition of English dative alternation? University of Louisiana at Lafayette, EE.UU.<\/li><li>LSRL (2022): S\u00e1nchez Calder\u00f3n y R. Fern\u00e1ndez Fuertes. Does the social context play a role in the acquisition of complex dative predicates by heritage and non-heritage Spanish bilingual children? University of Wisconsin, EE.UU.<\/li><li>PLC 46 (2022): S\u00e1nchez Calder\u00f3n y R. Fern\u00e1ndez Fuertes. How do English-Spanish bilinguals\u2019 two languages interact in the acquisition of English active and passive structures? University of Pennsylvania, EE.UU.<\/li><\/ul><p>\u00a0<\/p><p><strong>202<\/strong><strong>1<\/strong><\/p><p>\u00a0<\/p><ul><li>AESLA (2021): T. G\u00f3mez Carrero y A. Ogneva. The acquisition of Spanish grammatical gender by L1 Russian and L1 English adults. Universidade da Coru\u00f1a, Espa\u00f1a<\/li><li>AESLA (2021): T. G\u00f3mez Carrero y R. Fernandez Fuertes. Using eye-tracking data to test how L1 SP-L2 EN bilinguals process Spanish grammatical gender in switched DPs. Universidade da Coru\u00f1a, Espa\u00f1a<\/li><li>AJT (2021): A. Ogneva y T. G\u00f3mez Carrero. Do native speakers and L2 learners judge grammatical gender violations in Spanish similarly? A pilot study with native speakers and L2 learners. Universidad de Zaragoza, Espa\u00f1a<\/li><li>CIEB (2021): R. Fern\u00e1ndez Fuertes y E. G\u00f3mez Garzar\u00e1n. Teaching in the spotlight: Does explicit instruction impact on the teaching of noun compounds in English? Universidad de Valladolid, Espa\u00f1a<\/li><li>ISB (2021): S. Mujcinovic y R. Fern\u00e1ndez Fuertes. When [-]&amp;[-] and [+]&amp;[-] is a plus: adding on to the nature of subjects in contact. University of Warsaw, Polonia<\/li><li>ISB (2021): T. G\u00f3mez Carrero y R. Fernandez Fuertes. How children in Gibraltar process Spanish grammatical gender: A new look at an old problem. University of Warsaw, Polonia<\/li><li>ISBPAC (2021): T. G\u00f3mez Carrero y R. Fernandez Fuertes. Testing English-Spanish switched Determiner Phrases: evidence from eye-tracking during reading. Radboud University, Pa\u00edses Bajos<\/li><li>ISP (2021): E. G\u00f3mez Garzar\u00e1n, R. Fern\u00e1ndez Fuertes y S. Mujcinovic. Noun modification at a crossroads. Universidad Nebrija, Espa\u00f1a<\/li><li>ISP (2021): T. G\u00f3mez Carrero y R. Fernandez Fuertes. Spanish grammatical gender through the eyes of the L1 Spanish-L2 English bilingual child. Universidad Nebrija, Espa\u00f1a<\/li><li>NPIT (2021): E. \u00c1lvarez de la Fuente y R. Fern\u00e1ndez Fuertes. Translation strategies used by bilingual children: natural or universal? University of Amsterdam, Pa\u00edses Bajos<\/li><li>PECSC (2021): R. Fern\u00e1ndez Fuertes y E. G\u00f3mez Garzar\u00e1n. When exposure and instruction meet: L1 Spanish children dealing with noun modification in English. Universidad de Valladolid, Espa\u00f1a<\/li><\/ul><p>\u00a0<\/p><p><strong>202<\/strong><strong>0<\/strong><\/p><ul><li>BiMulLT (2020): R. Fern\u00e1ndez Fuertes y E. G\u00f3mez Garzar\u00e1n. NN compounds put to the test in a boardgame: Can explicit instruction boost learning? University of Cyprus, Chipre<\/li><li>LSRL (2020): T. G\u00f3mez Carrero y R. Fern\u00e1ndez Fuertes. Spanish grammatical gender in codeswitching: evidence from eye-movements. University of Texas at Austin, EEUU<\/li><li>Psyneuroling (2020): T. G\u00f3mez Carrero y R. Fern\u00e1ndez Fuertes. An eye tracking study with children: gender in code-switching. Online<\/li><\/ul><\/div>\n\t\t\t\t<\/div>\n\t\t\t\t\t\t\t\t<\/div>\n\t\t\t\t\t\t<\/div>\n\t\t\t\t<\/div>\n\t\t\t\t\t<\/div>\n\t\t<\/div>\n\t\t\t\t\t<\/div>\n\t\t<\/section>\n\t\t\t\t<section class=\"elementor-section elementor-top-section elementor-element elementor-element-7d353c5 elementor-section-boxed elementor-section-height-default elementor-section-height-default\" data-id=\"7d353c5\" data-element_type=\"section\" data-e-type=\"section\">\n\t\t\t\t\t\t<div class=\"elementor-container elementor-column-gap-default\">\n\t\t\t\t\t<div class=\"elementor-column elementor-col-100 elementor-top-column elementor-element elementor-element-e5f9abc\" data-id=\"e5f9abc\" data-element_type=\"column\" data-e-type=\"column\">\n\t\t\t<div class=\"elementor-widget-wrap elementor-element-populated\">\n\t\t\t\t\t\t<div class=\"elementor-element elementor-element-025f953 elementor-widget elementor-widget-accordion\" data-id=\"025f953\" data-element_type=\"widget\" data-e-type=\"widget\" data-widget_type=\"accordion.default\">\n\t\t\t\t<div class=\"elementor-widget-container\">\n\t\t\t\t\t\t\t<div class=\"elementor-accordion\">\n\t\t\t\t\t\t\t<div class=\"elementor-accordion-item\">\n\t\t\t\t\t<div id=\"elementor-tab-title-2481\" class=\"elementor-tab-title\" data-tab=\"1\" role=\"button\" aria-controls=\"elementor-tab-content-2481\" aria-expanded=\"false\">\n\t\t\t\t\t\t\t\t\t\t\t\t\t<span class=\"elementor-accordion-icon elementor-accordion-icon-right\" aria-hidden=\"true\">\n\t\t\t\t\t\t\t\t\t\t\t\t\t\t\t<span class=\"elementor-accordion-icon-closed\"><i class=\"fas fa-plus\"><\/i><\/span>\n\t\t\t\t\t\t\t\t<span class=\"elementor-accordion-icon-opened\"><i class=\"fas fa-minus\"><\/i><\/span>\n\t\t\t\t\t\t\t\t\t\t\t\t\t\t<\/span>\n\t\t\t\t\t\t\t\t\t\t\t\t<a class=\"elementor-accordion-title\" tabindex=\"0\">invited lectures (last 5 years)<\/a>\n\t\t\t\t\t<\/div>\n\t\t\t\t\t<div id=\"elementor-tab-content-2481\" class=\"elementor-tab-content elementor-clearfix\" data-tab=\"1\" role=\"region\" aria-labelledby=\"elementor-tab-title-2481\"><p><strong>2025<\/strong><\/p><p>\u00a0<\/p><ul><li>\u00c1lvarez de la Fuente, E. y R. Fern\u00e1ndez Fuertes. Interpreting as a natural skill: from family interactions to classroom applications. Constantine the Philosopher University, Eslovaquia.<\/li><li>Fern\u00e1ndez Fuertes, R. y S. Mujcinovic. How do children acquire and learn English sentential subjects? The contact between typologically similar and typologically different languages. University of Banja Luka, Bosnia y Herzegovina<\/li><li>Mart\u00ednez Garc\u00eda, M\u00aa T. 2025. Innovative approaches to pronunciation teaching: Hands-on strategies for effective learning. Sookmyung Women\u2019s University, Korea del Sur.<\/li><\/ul><p><strong>\u00a0<\/strong><\/p><p><strong>2024<\/strong><\/p><ul><li>Fern\u00e1ndez Fuertes, R. 2024. Catching bilingual children&#8217;s eyes: language on the move! University of Wuppertal,\u00a0Alemania.<\/li><li>Fern\u00e1ndez Fuertes, R. 2024. Codeswitching as a window to explore how simultaneous bilingual children\u2019s two grammars interact. University of Hamburg, Alemania.<\/li><li>Fern\u00e1ndez Fuertes, R. 2024. Instruction in the spotlight: child L2 English noun-noun production. University of Wuppertal,\u00a0<em>I<\/em>nternational Workshop Acquisition advantages in multilingual learners: theoretically- and empirically-based studies of the multilingual advantage and it\u2019s use in society,\u00a0Alemania<\/li><li>Fern\u00e1ndez Fuertes, R. 2024. The internal representation of grammatical gender features in the mind of child heritage bilinguals in Spain. University of Arizona, EE.UU.<\/li><li>Fern\u00e1ndez Fuertes, R. y J.M. Liceras. 2024. Bilingualism as a first language: \u2018who is who\u2019. University of Texas at Austin, EE.UU.<\/li><li>Fern\u00e1ndez Fuertes, R., E. \u00c1lvarez de la Fuente, S. Mujcinovic y T. G\u00f3mez Carrero. 2024. Adquisici\u00f3n y procesamiento biling\u00fce: de la teor\u00eda a los datos. Universidad de Valladolid, campus de Segovia, Espa\u00f1a<\/li><li>Fern\u00e1ndez Fuertes, R., S. Mujcinovic, E. \u00c1lvarez de la Fuente, Q. Yuan, T. G\u00f3mez Carrero y E. G\u00f3mez Garzar\u00e1n. 2024. English as a heritage language in Spain: an analysis of the bilingual child\u2019s internal grammar. Universitat Pompeu Fabra, Workshop on bilingualism with minority languages, Spain<\/li><\/ul><p>\u00a0<\/p><p><strong>2023<\/strong><\/p><ul><li>Fern\u00e1ndez Fuertes, R. 2023. Does input manipulation lead to acceleration effects in second language English instruction?. University of Ottawa, Canadian Centre for Studies and Research in Bilingualism and Language Planning (CCERBAL) y Official Languages and Bilingualism Institute (OLBI), Canad\u00e1<\/li><li>Fern\u00e1ndez Fuertes, R. y J.M. Liceras. 2023. A formal linguistic approach to the bilingual advantage: revisiting the \u201ctwo-in-one\u201d paradox. University of Toronto, Canad\u00e1<\/li><li>Fern\u00e1ndez Fuertes, R. y J.M. Liceras. 2023. Formal linguistics and bilingualism: the \u2018two in one\u2019 paradox and the psychological reality of lexical transparency. Universitat Pompeu Fabra, Espa\u00f1a<\/li><\/ul><p>\u00a0<\/p><p><strong>2022<\/strong><\/p><ul><li>\u00c1lvarez de la Fuente, E. y R. Fern\u00e1ndez Fuertes. Bilinguals and translation: who translates what and where. Constantine the Philosopher University, Eslovaquia.<\/li><li>Fern\u00e1ndez Fuertes, R. 2022. Child bilingualism: the acquisition of two grammars from birth. UNED, Espa\u00f1a.<\/li><li>Fern\u00e1ndez Fuertes, R. 2022. What does it mean to be bilingual? Myth and science. University of Gibraltar y Gibraltar Cultural Services.<\/li><li>S\u00e1nchez Calder\u00f3n, S. y R. Fern\u00e1ndez Fuertes. 2022. On the acquisition of Spanish complex dative predicates by English-Spanish bilinguals who are exposed to two types of input. Ulster University, Reino Unido.<\/li><li>S\u00e1nchez Calder\u00f3n, S. y R. Fern\u00e1ndez Fuertes. 2022. Working with Gorilla Experiment Builder for the Design of Experimental Projects in Linguistics. Ulster University, Reino Unido.<\/li><\/ul><p>\u00a0<\/p><p><strong>2021<\/strong><\/p><ul><li>Fern\u00e1ndez Fuertes, R. 2021. Una cuesti\u00f3n de matem\u00e1ticas: 1 persona, 2 lenguas. Biling\u00fcismo: ciencia, educaci\u00f3n y sociedad. Universidad de Granada y Bilingualism Matters.<\/li><\/ul><\/div>\n\t\t\t\t<\/div>\n\t\t\t\t\t\t\t\t<\/div>\n\t\t\t\t\t\t<\/div>\n\t\t\t\t<\/div>\n\t\t\t\t\t<\/div>\n\t\t<\/div>\n\t\t\t\t\t<\/div>\n\t\t<\/section>\n\t\t\t\t<section class=\"elementor-section elementor-top-section elementor-element elementor-element-1007669 elementor-section-boxed elementor-section-height-default elementor-section-height-default\" data-id=\"1007669\" data-element_type=\"section\" data-e-type=\"section\">\n\t\t\t\t\t\t<div class=\"elementor-container elementor-column-gap-default\">\n\t\t\t\t\t<div class=\"elementor-column elementor-col-100 elementor-top-column elementor-element elementor-element-eb38d63\" data-id=\"eb38d63\" data-element_type=\"column\" data-e-type=\"column\">\n\t\t\t<div class=\"elementor-widget-wrap elementor-element-populated\">\n\t\t\t\t\t\t<div class=\"elementor-element elementor-element-c933660 elementor-widget elementor-widget-text-editor\" data-id=\"c933660\" data-element_type=\"widget\" data-e-type=\"widget\" data-widget_type=\"text-editor.default\">\n\t\t\t\t<div class=\"elementor-widget-container\">\n\t\t\t\t\t\t\t\t\t<p style=\"text-align: right\"><a href=\"https:\/\/uvalal.uva.es\/index.php\/previous-conferences-participation\/\"><span style=\"color: #50a2ce\"><strong style=\"color: #50a2ce\">previous conferences (participation)<\/strong><\/span><\/a><\/p>\t\t\t\t\t\t\t\t<\/div>\n\t\t\t\t<\/div>\n\t\t\t\t\t<\/div>\n\t\t<\/div>\n\t\t\t\t\t<\/div>\n\t\t<\/section>\n\t\t\t\t<\/div>\n\t\t","protected":false},"excerpt":{"rendered":"<p>participation in conferences (last 5 years) 2025 CIE (2025): E. Mart\u00ednez Garc\u00eda y M\u00aa T. Mart\u00ednez Garc\u00eda. Impacto Econ\u00f3mico del Espa\u00f1ol en Corea del Sur: Retos y Oportunidades Emergentes. Universidad de Salamanca, Espa\u00f1a CIINECO (2025): S. Mujcinovic y T. G\u00f3mez Carrero. 2025. Biling\u00fcismo al poder: estrategias para conocer y reconocer al biling\u00fce. Online ISB (2025): [&hellip;]<\/p>\n","protected":false},"author":556,"featured_media":0,"parent":63,"menu_order":2,"comment_status":"closed","ping_status":"closed","template":"page-full-width.php","meta":{"footnotes":""},"class_list":["post-68","page","type-page","status-publish","hentry"],"_links":{"self":[{"href":"https:\/\/uvalal.uva.es\/index.php\/wp-json\/wp\/v2\/pages\/68","targetHints":{"allow":["GET"]}}],"collection":[{"href":"https:\/\/uvalal.uva.es\/index.php\/wp-json\/wp\/v2\/pages"}],"about":[{"href":"https:\/\/uvalal.uva.es\/index.php\/wp-json\/wp\/v2\/types\/page"}],"author":[{"embeddable":true,"href":"https:\/\/uvalal.uva.es\/index.php\/wp-json\/wp\/v2\/users\/556"}],"replies":[{"embeddable":true,"href":"https:\/\/uvalal.uva.es\/index.php\/wp-json\/wp\/v2\/comments?post=68"}],"version-history":[{"count":30,"href":"https:\/\/uvalal.uva.es\/index.php\/wp-json\/wp\/v2\/pages\/68\/revisions"}],"predecessor-version":[{"id":7153,"href":"https:\/\/uvalal.uva.es\/index.php\/wp-json\/wp\/v2\/pages\/68\/revisions\/7153"}],"up":[{"embeddable":true,"href":"https:\/\/uvalal.uva.es\/index.php\/wp-json\/wp\/v2\/pages\/63"}],"wp:attachment":[{"href":"https:\/\/uvalal.uva.es\/index.php\/wp-json\/wp\/v2\/media?parent=68"}],"curies":[{"name":"wp","href":"https:\/\/api.w.org\/{rel}","templated":true}]}}