{"id":5434,"date":"2022-11-27T22:43:24","date_gmt":"2022-11-27T20:43:24","guid":{"rendered":"https:\/\/uvalal.uva.es\/?page_id=5434"},"modified":"2022-11-27T23:00:50","modified_gmt":"2022-11-27T21:00:50","slug":"repeticion","status":"publish","type":"page","link":"https:\/\/uvalal.uva.es\/index.php\/es\/datos\/datos-experimentales\/repeticion\/","title":{"rendered":"repetici\u00f3n"},"content":{"rendered":"\t\t<div data-elementor-type=\"wp-page\" data-elementor-id=\"5434\" class=\"elementor elementor-5434\">\n\t\t\t\t\t\t<section class=\"elementor-section elementor-top-section elementor-element elementor-element-7db7433a elementor-section-boxed elementor-section-height-default elementor-section-height-default\" data-id=\"7db7433a\" data-element_type=\"section\" data-e-type=\"section\">\n\t\t\t\t\t\t<div class=\"elementor-container elementor-column-gap-default\">\n\t\t\t\t\t<div class=\"elementor-column elementor-col-50 elementor-top-column elementor-element elementor-element-3a28f665\" data-id=\"3a28f665\" data-element_type=\"column\" data-e-type=\"column\">\n\t\t\t<div class=\"elementor-widget-wrap elementor-element-populated\">\n\t\t\t\t\t\t<div class=\"elementor-element elementor-element-52feddf7 elementor-widget elementor-widget-image\" data-id=\"52feddf7\" data-element_type=\"widget\" data-e-type=\"widget\" data-widget_type=\"image.default\">\n\t\t\t\t<div class=\"elementor-widget-container\">\n\t\t\t\t\t\t\t\t\t\t\t\t\t\t\t<img fetchpriority=\"high\" decoding=\"async\" width=\"514\" height=\"728\" src=\"https:\/\/uvalal.uva.es\/files\/2020\/12\/code-1.jpg\" class=\"attachment-full size-full wp-image-3810\" alt=\"\" srcset=\"https:\/\/uvalal.uva.es\/files\/2020\/12\/code-1.jpg 514w, https:\/\/uvalal.uva.es\/files\/2020\/12\/code-1-212x300.jpg 212w\" sizes=\"(max-width: 514px) 100vw, 514px\" \/>\t\t\t\t\t\t\t\t\t\t\t\t\t\t\t<\/div>\n\t\t\t\t<\/div>\n\t\t\t\t\t<\/div>\n\t\t<\/div>\n\t\t\t\t<div class=\"elementor-column elementor-col-50 elementor-top-column elementor-element elementor-element-2bbbe145\" data-id=\"2bbbe145\" data-element_type=\"column\" data-e-type=\"column\">\n\t\t\t<div class=\"elementor-widget-wrap elementor-element-populated\">\n\t\t\t\t\t\t<div class=\"elementor-element elementor-element-6332d66c elementor-widget elementor-widget-text-editor\" data-id=\"6332d66c\" data-element_type=\"widget\" data-e-type=\"widget\" data-widget_type=\"text-editor.default\">\n\t\t\t\t<div class=\"elementor-widget-container\">\n\t\t\t\t\t\t\t\t\t<p style=\"text-align: left\"><span style=\"color: #50a2ce\"><strong>alternancia de c\u00f3digos<\/strong><\/span><\/p><ul><li style=\"text-align: left\"><strong>prueba<\/strong>: lista de estructuras con alternancia de c\u00f3digos ingl\u00e9s\/espa\u00f1ol tomadas de los estudios de Fantini (1985) y de Deuchar y Quay (2000), as\u00ed como otras que incorporamos nosotros y que los participantes tienen que repetir<\/li><li style=\"text-align: left\"><strong>implementaci\u00f3n<\/strong>: offline<\/li><li style=\"text-align: left\"><strong>lenguas<\/strong>: ingl\u00e9s, espa\u00f1ol<\/li><li style=\"text-align: left\"><strong>participantes<\/strong><br \/>\u00a0 \u00a0 \u00a0ni\u00f1os: 2 (L1 espa\u00f1ol-ingl\u00e9s de herencia) (edad: 2;06)<\/li><li style=\"text-align: left\"><strong>objetivo<\/strong>: comprobar si los ni\u00f1os aceptan o rechazan alg\u00fan tipo de alternancia de c\u00f3digos en particular para determinar c\u00f3mo esto se puede vincular al concepto de lengua dominante<\/li><\/ul>\t\t\t\t\t\t\t\t<\/div>\n\t\t\t\t<\/div>\n\t\t\t\t\t<\/div>\n\t\t<\/div>\n\t\t\t\t\t<\/div>\n\t\t<\/section>\n\t\t\t\t<\/div>\n\t\t","protected":false},"excerpt":{"rendered":"<p>alternancia de c\u00f3digos prueba: lista de estructuras con alternancia de c\u00f3digos ingl\u00e9s\/espa\u00f1ol tomadas de los estudios de Fantini (1985) y de Deuchar y Quay (2000), as\u00ed como otras que incorporamos nosotros y que los participantes tienen que repetir implementaci\u00f3n: offline lenguas: ingl\u00e9s, espa\u00f1ol participantes\u00a0 \u00a0 \u00a0ni\u00f1os: 2 (L1 espa\u00f1ol-ingl\u00e9s de herencia) (edad: 2;06) objetivo: comprobar [&hellip;]<\/p>\n","protected":false},"author":556,"featured_media":0,"parent":1374,"menu_order":0,"comment_status":"closed","ping_status":"closed","template":"page-full-width.php","meta":{"footnotes":""},"class_list":["post-5434","page","type-page","status-publish","hentry"],"_links":{"self":[{"href":"https:\/\/uvalal.uva.es\/index.php\/wp-json\/wp\/v2\/pages\/5434","targetHints":{"allow":["GET"]}}],"collection":[{"href":"https:\/\/uvalal.uva.es\/index.php\/wp-json\/wp\/v2\/pages"}],"about":[{"href":"https:\/\/uvalal.uva.es\/index.php\/wp-json\/wp\/v2\/types\/page"}],"author":[{"embeddable":true,"href":"https:\/\/uvalal.uva.es\/index.php\/wp-json\/wp\/v2\/users\/556"}],"replies":[{"embeddable":true,"href":"https:\/\/uvalal.uva.es\/index.php\/wp-json\/wp\/v2\/comments?post=5434"}],"version-history":[{"count":0,"href":"https:\/\/uvalal.uva.es\/index.php\/wp-json\/wp\/v2\/pages\/5434\/revisions"}],"up":[{"embeddable":true,"href":"https:\/\/uvalal.uva.es\/index.php\/wp-json\/wp\/v2\/pages\/1374"}],"wp:attachment":[{"href":"https:\/\/uvalal.uva.es\/index.php\/wp-json\/wp\/v2\/media?parent=5434"}],"curies":[{"name":"wp","href":"https:\/\/api.w.org\/{rel}","templated":true}]}}