{"id":5135,"date":"2022-10-08T10:53:45","date_gmt":"2022-10-08T08:53:45","guid":{"rendered":"https:\/\/uvalal.uva.es\/?page_id=5135"},"modified":"2022-10-08T10:54:21","modified_gmt":"2022-10-08T08:54:21","slug":"proyectos-relacionados","status":"publish","type":"page","link":"https:\/\/uvalal.uva.es\/index.php\/es\/financiacion\/proyectos-relacionados\/","title":{"rendered":"proyectos relacionados"},"content":{"rendered":"\t\t<div data-elementor-type=\"wp-page\" data-elementor-id=\"5135\" class=\"elementor elementor-5135\">\n\t\t\t\t\t\t<section class=\"elementor-section elementor-top-section elementor-element elementor-element-9a42318 elementor-section-boxed elementor-section-height-default elementor-section-height-default\" data-id=\"9a42318\" data-element_type=\"section\" data-e-type=\"section\">\n\t\t\t\t\t\t<div class=\"elementor-container elementor-column-gap-default\">\n\t\t\t\t\t<div class=\"elementor-column elementor-col-100 elementor-top-column elementor-element elementor-element-dcc658a\" data-id=\"dcc658a\" data-element_type=\"column\" data-e-type=\"column\">\n\t\t\t<div class=\"elementor-widget-wrap elementor-element-populated\">\n\t\t\t\t\t\t<div class=\"elementor-element elementor-element-d91936c elementor-widget elementor-widget-text-editor\" data-id=\"d91936c\" data-element_type=\"widget\" data-e-type=\"widget\" data-widget_type=\"text-editor.default\">\n\t\t\t\t<div class=\"elementor-widget-container\">\n\t\t\t\t\t\t\t\t\t<ul>\n \t<li style=\"text-align: left\">Universidad de Ottawa (Canad\u00e1):\n<ul style=\"list-style-type: circle\">\n \t<li><strong><span style=\"margin-left: -10px;font-family: Merriweather\">&#8211; <\/span><\/strong>Two perspectives on optionality and parametric values in second language acquisition: primary language development and diachronic change, SSHRC (Social Sciences and Humanities Research Council of Canada) [RE\/C: 410-2004-2034], (2004-2007). IP:\u00a0J.M. Liceras.<\/li>\n \t<li><strong><span style=\"margin-left: -10px;font-family: Merriweather\">&#8211; <\/span><\/strong>Bilingualism (English\/Spanish) as a first language: a case study of identical twins, Faculty of Arts Research Funds (University of Ottawa), (2000-2004).\u00a0IP:\u00a0J.M. Liceras.<\/li>\n \t<li><strong><span style=\"margin-left: -10px;font-family: Merriweather\">&#8211; <\/span><\/strong>The specific nature of non-native grammars and the principles and parameters theory, SSHRC (Social Sciences and Humanities Research Council of Canada) [G-2451, 410-96-0326], (1996-1999).\u00a0IP:\u00a0J.M. Liceras.<\/li>\n \t<li><strong><span style=\"margin-left: -10px;font-family: Merriweather\">&#8211; <\/span><\/strong>L2 acquisition of Spanish by children, adolescents and adults in classroom settings: beyond parameters, Faculty of Arts Research Funds (University of Ottawa) &amp; Secretary of State for Multiculturalism (Canada), (1995-1996).\u00a0IP:\u00a0J.M. Liceras.<\/li>\n<\/ul>\n<\/li>\n \t<li style=\"text-align: left\">Universidad de Cantabria (Espa\u00f1a):\n<ul style=\"list-style-type: circle\">\n \t<li><strong><span style=\"margin-left: -10px;font-family: Merriweather\">&#8211; <\/span><\/strong>El ingl\u00e9s como lengua extranjera en el contexto escolar: educaci\u00f3n biling\u00fce en primaria y secundaria, Junta Provincial de Cantabria [2006UPP1004], (2006-2007). IP: S. Perales.<\/li>\n<\/ul>\n<\/li>\n \t<li>Universitat Pompeu Fabra (Espa\u00f1a):\n<ul style=\"list-style-type: circle\">\n \t<li style=\"text-align: left\"><strong><span style=\"margin-left: -10px;font-family: Merriweather\">&#8211; <\/span><\/strong>Variaci\u00f3n, complejidad y experiencia ling\u00fc\u00edstica en la adquisici\u00f3n de\u00a0lenguas y el biling\u00fcismo: m\u00e1s all\u00e1 de la divisi\u00f3n entre sintaxis e interfaces. Spanish Ministry of Science and Technology [FFI2012-35058], (2013-2015). IP:\u00a0A. Bel\u00a0Gaya.<\/li>\n \t<li style=\"text-align: left\"><strong><span style=\"margin-left: -10px;font-family: Merriweather\">&#8211; <\/span><\/strong>Languages for Specific purposes: Applied linguistics, methodological approaches, and language teaching. Section 2: Corpora gathering: establishing the base-line, Ministerio de Ciencia y Tecnolog\u00eda [FFI2008-01452-E], (2008-2011).\u00a0IP:\u00a0L. D\u00edaz Rodr\u00edguez.<\/li>\n \t<li style=\"text-align: left\"><strong><span style=\"margin-left: -10px;font-family: Merriweather\">&#8211; <\/span><\/strong>El conocimiento de la morfosintaxis en la adquisici\u00f3n del espa\u00f1ol como L1\/L2 en Espa\u00f1a y Canad\u00e1, Ministerio de Ciencia y Tecnolog\u00eda [BFF2000-0928], (2000-2003).\u00a0IP:\u00a0L. D\u00edaz Rodr\u00edguez.<\/li>\n \t<li style=\"text-align: left\"><strong><span style=\"margin-left: -10px;font-family: Merriweather\">&#8211; <\/span><\/strong>An\u00e1lisis de la interlengua espa\u00f1ola de hablantes no nativos de espa\u00f1ol y de ingl\u00e9s en contextos de aprendizaje formal (obtenci\u00f3n de un corpus oral para un estudio longitudinal de la adquisici\u00f3n), Ministerio de Ciencia y Tecnolog\u00eda [PB94-1096-C02-01], (1994-1998).\u00a0IP:\u00a0L. D\u00edaz Rodr\u00edguez.<\/li>\n<\/ul>\n<\/li>\n<\/ul>\t\t\t\t\t\t\t\t<\/div>\n\t\t\t\t<\/div>\n\t\t\t\t\t<\/div>\n\t\t<\/div>\n\t\t\t\t\t<\/div>\n\t\t<\/section>\n\t\t\t\t<\/div>\n\t\t","protected":false},"excerpt":{"rendered":"<p>Universidad de Ottawa (Canad\u00e1): &#8211; Two perspectives on optionality and parametric values in second language acquisition: primary language development and diachronic change, SSHRC (Social Sciences and Humanities Research Council of Canada) [RE\/C: 410-2004-2034], (2004-2007). IP:\u00a0J.M. Liceras. &#8211; Bilingualism (English\/Spanish) as a first language: a case study of identical twins, Faculty of Arts Research Funds (University [&hellip;]<\/p>\n","protected":false},"author":556,"featured_media":0,"parent":151,"menu_order":0,"comment_status":"closed","ping_status":"closed","template":"page-full-width.php","meta":{"footnotes":""},"class_list":["post-5135","page","type-page","status-publish","hentry"],"_links":{"self":[{"href":"https:\/\/uvalal.uva.es\/index.php\/wp-json\/wp\/v2\/pages\/5135","targetHints":{"allow":["GET"]}}],"collection":[{"href":"https:\/\/uvalal.uva.es\/index.php\/wp-json\/wp\/v2\/pages"}],"about":[{"href":"https:\/\/uvalal.uva.es\/index.php\/wp-json\/wp\/v2\/types\/page"}],"author":[{"embeddable":true,"href":"https:\/\/uvalal.uva.es\/index.php\/wp-json\/wp\/v2\/users\/556"}],"replies":[{"embeddable":true,"href":"https:\/\/uvalal.uva.es\/index.php\/wp-json\/wp\/v2\/comments?post=5135"}],"version-history":[{"count":0,"href":"https:\/\/uvalal.uva.es\/index.php\/wp-json\/wp\/v2\/pages\/5135\/revisions"}],"up":[{"embeddable":true,"href":"https:\/\/uvalal.uva.es\/index.php\/wp-json\/wp\/v2\/pages\/151"}],"wp:attachment":[{"href":"https:\/\/uvalal.uva.es\/index.php\/wp-json\/wp\/v2\/media?parent=5135"}],"curies":[{"name":"wp","href":"https:\/\/api.w.org\/{rel}","templated":true}]}}