{"id":5119,"date":"2022-10-08T10:43:49","date_gmt":"2022-10-08T08:43:49","guid":{"rendered":"https:\/\/uvalal.uva.es\/?page_id=5119"},"modified":"2024-10-11T09:50:38","modified_gmt":"2024-10-11T08:50:38","slug":"uvalal-projects","status":"publish","type":"page","link":"https:\/\/uvalal.uva.es\/index.php\/funding\/uvalal-projects\/","title":{"rendered":"UVALAL projects"},"content":{"rendered":"\t\t<div data-elementor-type=\"wp-page\" data-elementor-id=\"5119\" class=\"elementor elementor-5119\">\n\t\t\t\t\t\t<section class=\"elementor-section elementor-top-section elementor-element elementor-element-9d0d360 elementor-section-boxed elementor-section-height-default elementor-section-height-default\" data-id=\"9d0d360\" data-element_type=\"section\" data-e-type=\"section\">\n\t\t\t\t\t\t<div class=\"elementor-container elementor-column-gap-default\">\n\t\t\t\t\t<div class=\"elementor-column elementor-col-100 elementor-top-column elementor-element elementor-element-131859e\" data-id=\"131859e\" data-element_type=\"column\" data-e-type=\"column\">\n\t\t\t<div class=\"elementor-widget-wrap elementor-element-populated\">\n\t\t\t\t\t\t<div class=\"elementor-element elementor-element-b386c3b elementor-widget elementor-widget-text-editor\" data-id=\"b386c3b\" data-element_type=\"widget\" data-e-type=\"widget\" data-widget_type=\"text-editor.default\">\n\t\t\t\t<div class=\"elementor-widget-container\">\n\t\t\t\t\t\t\t\t\t<ul><li><span lang=\"ES-TRAD\"><strong>2024-2028 \u00a0<\/strong>Castile and Le\u00f3n Regional Government and ERDF (European Regional Development Fund) [VA136P24], La representaci\u00f3n y el procesamiento del lenguaje en contextos de lenguas en contacto: capital humano e idiom\u00e1tico en Castilla y Le\u00f3n, PRINCIPAL INVESTIGATOR: R. Fern\u00e1ndez Fuertes (University of Valladolid, Spain)<\/span><\/li><\/ul><p><img fetchpriority=\"high\" decoding=\"async\" class=\"aligncenter wp-image-6541 size-full\" src=\"https:\/\/uvalal.uva.es\/files\/2024\/10\/jcyl-e1728636631529.jpg\" alt=\"\" width=\"600\" height=\"143\" \/><\/p><ul><li><span lang=\"ES-TRAD\"><strong>2023-2025<\/strong> Ministerio de Ciencia e Innovaci\u00f3n (Spain). [RED2022-134920-T], MULTILINGUA: Network on Bi\/Multilingualism in Spain, COORDINATOR: Silvia Perpi\u00f1an Hinarejos (Universitat Pompeu Fabra). PRINCIPAL INVESTIGATOR from the University of Valladolid: R. Fern\u00e1ndez Fuertes<\/span><br \/><img decoding=\"async\" class=\"aligncenter\" src=\"https:\/\/uvalal.uva.es\/files\/2023\/06\/ministerio.png\" alt=\"Logos\" width=\"768\" height=\"111\" \/><\/li><li style=\"text-align: left\"><strong>2018-2022 \u00a0<\/strong>Spanish Ministry of Science, Innovation and Universities and ERDF\u00a0<span lang=\"EN-US\">(European Regional Development Fund)<\/span>\u00a0[PGC2018-097693-B-I00], Los indicadores de competencia ling\u00fc\u00edstica en lengua de herencia y no-nativa: aspectos ling\u00fc\u00edsticos, psicoling\u00fc\u00edsticos y sociales del biling\u00fcismo ingl\u00e9s-espa\u00f1ol, PRINCIPAL INVESTIGATOR: R. Fern\u00e1ndez Fuertes (University of Valladolid, Spain)<img decoding=\"async\" class=\"aligncenter\" src=\"http:\/\/uvalal.blogs.uva.es\/files\/2020\/05\/logo-1.jpg\" alt=\"Logos\" width=\"768\" height=\"111\" \/><\/li><li style=\"text-align: left\"><strong>2017-2019 \u00a0\u00a0<\/strong>Regional Government of Castile and Le\u00f3n (Spain) and ERDF [VA009P17], Aspectos de la dimensi\u00f3n internacional del contacto de lenguas: diagn\u00f3sticos de la competencia ling\u00fc\u00edstica biling\u00fce ingl\u00e9s-espa\u00f1ol, PRINCIPAL<span style=\"font-family: inherit\">\u00a0INVESTIGATOR: R. Fern\u00e1ndez Fuertes (University of Valladolid, Spain) \u00a0 \u00a0 \u00a0 \u00a0 \u00a0 \u00a0 \u00a0 \u00a0 \u00a0 \u00a0 \u00a0<\/span><img loading=\"lazy\" decoding=\"async\" class=\"aligncenter\" style=\"font-family: inherit;font-size: inherit;font-style: inherit\" src=\"http:\/\/uvalal.blogs.uva.es\/files\/2020\/05\/logo-2.jpg\" alt=\"\" width=\"768\" height=\"111\" \/><\/li><li style=\"text-align: left\"><strong>2010-2012 \u00a0\u00a0<\/strong>International Council for Canadian Studies &amp; Department of Foreign Affairs and International Trade [Canada-Europe Award]<span style=\"font-style: normal\">\u00a0[10-CEA-A],\u00a0<\/span>Minority and majority languages in Canada and Spain: English, French and Spanish as first, second and heritage languages, PRINCIPAL INVESTIGATOR: R. Fern\u00e1ndez Fuertes (University of Valladolid, Spain)<\/li><li style=\"text-align: left\"><strong>2007-2010 \u00a0\u00a0<\/strong>Spanish Ministry of Science and Technology [HUM2007-62213], Elaboraci\u00f3n y an\u00e1lisis de un corpus de datos de adquisici\u00f3n del ingl\u00e9s y del espa\u00f1ol como L1 y L2 de ni\u00f1os y adultos: aprendizaje formal, naturaleza del input y factor edad, PRINCIPAL INVESTIGATOR: R. Fern\u00e1ndez Fuertes (University of Valladolid, Spain)<\/li><li style=\"text-align: left\"><strong>2006-2008 \u00a0\u00a0<\/strong>Regional Government of Castile and Le\u00f3n (Spain) [VA046A06], Lenguas en contacto [ingl\u00e9s\/espa\u00f1ol] en el contexto de Castilla y Le\u00f3n: adquisici\u00f3n de L1 y L2, PRINCIPAL INVESTIGATOR: R. Fern\u00e1ndez Fuertes (University of Valladolid, Spain)<\/li><li style=\"text-align: left\"><strong>2002-2005<\/strong> \u00a0\u00a0Spanish Ministry of Science and Technology and ERDF [BFF2002-00442], La teor\u00eda ling\u00fc\u00edstica y el an\u00e1lisis de los sistemas biling\u00fces simult\u00e1neos del ingl\u00e9s y del espa\u00f1ol, PRINCIPAL INVESTIGATOR: R. Fern\u00e1ndez Fuertes (University of Valladolid, Spain)<\/li><li style=\"text-align: left\"><strong>2002-2003<\/strong> \u00a0\u00a0Regional Government of Castile and Le\u00f3n (Spain) [UV 30\/02], Estrategias para la ense\u00f1anza de lenguas y la formaci\u00f3n del profesorado: estudio te\u00f3rico y pr\u00e1ctico de la producci\u00f3n ling\u00fc\u00edstica de gemelos biling\u00fces ingl\u00e9s\/espa\u00f1ol, PRINCIPAL INVESTIGATOR: R. Fern\u00e1ndez Fuertes (University of Valladolid, Spain)<\/li><\/ul>\t\t\t\t\t\t\t\t<\/div>\n\t\t\t\t<\/div>\n\t\t\t\t\t<\/div>\n\t\t<\/div>\n\t\t\t\t\t<\/div>\n\t\t<\/section>\n\t\t\t\t<\/div>\n\t\t","protected":false},"excerpt":{"rendered":"<p>2024-2028 \u00a0Castile and Le\u00f3n Regional Government and ERDF (European Regional Development Fund) [VA136P24], La representaci\u00f3n y el procesamiento del lenguaje en contextos de lenguas en contacto: capital humano e idiom\u00e1tico en Castilla y Le\u00f3n, PRINCIPAL INVESTIGATOR: R. Fern\u00e1ndez Fuertes (University of Valladolid, Spain) 2023-2025 Ministerio de Ciencia e Innovaci\u00f3n (Spain). [RED2022-134920-T], MULTILINGUA: Network on Bi\/Multilingualism [&hellip;]<\/p>\n","protected":false},"author":556,"featured_media":0,"parent":97,"menu_order":0,"comment_status":"closed","ping_status":"closed","template":"page-full-width.php","meta":{"footnotes":""},"class_list":["post-5119","page","type-page","status-publish","hentry"],"_links":{"self":[{"href":"https:\/\/uvalal.uva.es\/index.php\/wp-json\/wp\/v2\/pages\/5119","targetHints":{"allow":["GET"]}}],"collection":[{"href":"https:\/\/uvalal.uva.es\/index.php\/wp-json\/wp\/v2\/pages"}],"about":[{"href":"https:\/\/uvalal.uva.es\/index.php\/wp-json\/wp\/v2\/types\/page"}],"author":[{"embeddable":true,"href":"https:\/\/uvalal.uva.es\/index.php\/wp-json\/wp\/v2\/users\/556"}],"replies":[{"embeddable":true,"href":"https:\/\/uvalal.uva.es\/index.php\/wp-json\/wp\/v2\/comments?post=5119"}],"version-history":[{"count":0,"href":"https:\/\/uvalal.uva.es\/index.php\/wp-json\/wp\/v2\/pages\/5119\/revisions"}],"up":[{"embeddable":true,"href":"https:\/\/uvalal.uva.es\/index.php\/wp-json\/wp\/v2\/pages\/97"}],"wp:attachment":[{"href":"https:\/\/uvalal.uva.es\/index.php\/wp-json\/wp\/v2\/media?parent=5119"}],"curies":[{"name":"wp","href":"https:\/\/api.w.org\/{rel}","templated":true}]}}