{"id":4873,"date":"2022-09-02T09:09:54","date_gmt":"2022-09-02T07:09:54","guid":{"rendered":"https:\/\/uvalal.uva.es\/?page_id=4873"},"modified":"2022-09-02T09:09:55","modified_gmt":"2022-09-02T07:09:55","slug":"people-involved","status":"publish","type":"page","link":"https:\/\/uvalal.uva.es\/index.php\/data\/corpora\/sorauvalal-corpus\/people-involved\/","title":{"rendered":"people involved"},"content":{"rendered":"<p><span style=\"color: #50a2ce\"><strong>recordings<\/strong><\/span><\/p>\n<ul>\n<li>Sonja Mujcinovic<\/li>\n<li>Luis Miguel Toquero P\u00e9rez<\/li>\n<li>Tamara G\u00f3mez Carrero<\/li>\n<\/ul>\n<p><span style=\"color: #50a2ce\"><strong>transcriptions-Spanish<\/strong><\/span><\/p>\n<ul>\n<li>Sonja Mujcinovic<\/li>\n<li>Luis Miguel Toquero P\u00e9rez<\/li>\n<\/ul>\n<p><span style=\"color: #50a2ce\"><strong>transcriptions-Danish<\/strong><\/span><\/p>\n<ul>\n<li>Sonja Mujcinovic<\/li>\n<\/ul>\n<p><span style=\"color: #50a2ce\"><strong>transcriptions-Bosnian<\/strong><\/span><\/p>\n<ul>\n<li>Sonja Mujcinovic<\/li>\n<\/ul>\n<p><span style=\"color: #50a2ce\"><strong>transcriptions-English<\/strong><\/span><\/p>\n<ul>\n<li>Sonja Mujcinovic<\/li>\n<li>Luis Miguel Toquero P\u00e9rez<\/li>\n<\/ul>\n","protected":false},"excerpt":{"rendered":"<p>recordings Sonja Mujcinovic Luis Miguel Toquero P\u00e9rez Tamara G\u00f3mez Carrero transcriptions-Spanish Sonja Mujcinovic Luis Miguel Toquero P\u00e9rez transcriptions-Danish Sonja Mujcinovic transcriptions-Bosnian Sonja Mujcinovic transcriptions-English Sonja Mujcinovic Luis Miguel Toquero P\u00e9rez<\/p>\n","protected":false},"author":556,"featured_media":0,"parent":4859,"menu_order":6,"comment_status":"closed","ping_status":"closed","template":"page-full-width.php","meta":{"footnotes":""},"class_list":["post-4873","page","type-page","status-publish","hentry"],"_links":{"self":[{"href":"https:\/\/uvalal.uva.es\/index.php\/wp-json\/wp\/v2\/pages\/4873","targetHints":{"allow":["GET"]}}],"collection":[{"href":"https:\/\/uvalal.uva.es\/index.php\/wp-json\/wp\/v2\/pages"}],"about":[{"href":"https:\/\/uvalal.uva.es\/index.php\/wp-json\/wp\/v2\/types\/page"}],"author":[{"embeddable":true,"href":"https:\/\/uvalal.uva.es\/index.php\/wp-json\/wp\/v2\/users\/556"}],"replies":[{"embeddable":true,"href":"https:\/\/uvalal.uva.es\/index.php\/wp-json\/wp\/v2\/comments?post=4873"}],"version-history":[{"count":0,"href":"https:\/\/uvalal.uva.es\/index.php\/wp-json\/wp\/v2\/pages\/4873\/revisions"}],"up":[{"embeddable":true,"href":"https:\/\/uvalal.uva.es\/index.php\/wp-json\/wp\/v2\/pages\/4859"}],"wp:attachment":[{"href":"https:\/\/uvalal.uva.es\/index.php\/wp-json\/wp\/v2\/media?parent=4873"}],"curies":[{"name":"wp","href":"https:\/\/api.w.org\/{rel}","templated":true}]}}