{"id":4830,"date":"2022-09-02T08:02:47","date_gmt":"2022-09-02T06:02:47","guid":{"rendered":"https:\/\/uvalal.uva.es\/?page_id=4830"},"modified":"2022-09-02T08:02:48","modified_gmt":"2022-09-02T06:02:48","slug":"personal-participante","status":"publish","type":"page","link":"https:\/\/uvalal.uva.es\/index.php\/es\/datos\/corpus\/corpus-sorauvalal\/personal-participante\/","title":{"rendered":"personal participante"},"content":{"rendered":"<p><span style=\"color: #50a2ce\"><strong>grabaciones:<\/strong><\/span><\/p>\n<ul>\n<li>Sonja Mujcinovic<\/li>\n<li>Luis Miguel Toquero P\u00e9rez<\/li>\n<li>Tamara G\u00f3mez Carrero.<\/li>\n<\/ul>\n<p><span style=\"color: #50a2ce\"><strong>transcripciones-espa\u00f1ol:<\/strong><\/span><\/p>\n<ul>\n<li>Sonja Mujcinovic<\/li>\n<li>Luis Miguel Toquero P\u00e9rez<\/li>\n<\/ul>\n<p><span style=\"color: #50a2ce\"><strong>transcripciones-dan\u00e9s:<\/strong><\/span><\/p>\n<ul>\n<li>Sonja Mujcinovic<\/li>\n<\/ul>\n<p><span style=\"color: #50a2ce\"><strong>transcripciones-bosnio:<\/strong><\/span><\/p>\n<ul>\n<li>Sonja Mujcinovic<\/li>\n<\/ul>\n<p><span style=\"color: #50a2ce\"><strong>transcripciones-ingl\u00e9s:<\/strong><\/span><\/p>\n<ul>\n<li>Sonja Mujcinovic<\/li>\n<li>Luis Miguel Toquero P\u00e9rez<\/li>\n<\/ul>\n","protected":false},"excerpt":{"rendered":"<p>grabaciones: Sonja Mujcinovic Luis Miguel Toquero P\u00e9rez Tamara G\u00f3mez Carrero. transcripciones-espa\u00f1ol: Sonja Mujcinovic Luis Miguel Toquero P\u00e9rez transcripciones-dan\u00e9s: Sonja Mujcinovic transcripciones-bosnio: Sonja Mujcinovic transcripciones-ingl\u00e9s: Sonja Mujcinovic Luis Miguel Toquero P\u00e9rez<\/p>\n","protected":false},"author":556,"featured_media":0,"parent":4818,"menu_order":6,"comment_status":"closed","ping_status":"closed","template":"page-full-width.php","meta":{"footnotes":""},"class_list":["post-4830","page","type-page","status-publish","hentry"],"_links":{"self":[{"href":"https:\/\/uvalal.uva.es\/index.php\/wp-json\/wp\/v2\/pages\/4830","targetHints":{"allow":["GET"]}}],"collection":[{"href":"https:\/\/uvalal.uva.es\/index.php\/wp-json\/wp\/v2\/pages"}],"about":[{"href":"https:\/\/uvalal.uva.es\/index.php\/wp-json\/wp\/v2\/types\/page"}],"author":[{"embeddable":true,"href":"https:\/\/uvalal.uva.es\/index.php\/wp-json\/wp\/v2\/users\/556"}],"replies":[{"embeddable":true,"href":"https:\/\/uvalal.uva.es\/index.php\/wp-json\/wp\/v2\/comments?post=4830"}],"version-history":[{"count":0,"href":"https:\/\/uvalal.uva.es\/index.php\/wp-json\/wp\/v2\/pages\/4830\/revisions"}],"up":[{"embeddable":true,"href":"https:\/\/uvalal.uva.es\/index.php\/wp-json\/wp\/v2\/pages\/4818"}],"wp:attachment":[{"href":"https:\/\/uvalal.uva.es\/index.php\/wp-json\/wp\/v2\/media?parent=4830"}],"curies":[{"name":"wp","href":"https:\/\/api.w.org\/{rel}","templated":true}]}}