{"id":4812,"date":"2022-09-02T06:43:22","date_gmt":"2022-09-02T04:43:22","guid":{"rendered":"https:\/\/uvalal.uva.es\/?page_id=4812"},"modified":"2022-11-27T17:47:51","modified_gmt":"2022-11-27T15:47:51","slug":"participantes","status":"publish","type":"page","link":"https:\/\/uvalal.uva.es\/index.php\/es\/datos\/corpus\/corpus-sorauvalal\/participantes\/","title":{"rendered":"participantes"},"content":{"rendered":"\n<p>Los 106 participantes del corpus <a href=\"https:\/\/slabank.talkbank.org\/access\/English\/soraUVALAL.html\" target=\"_blank\" rel=\"noreferrer noopener\">soraUVALAL<\/a> se clasificaron en tres grupos seg\u00fan su L1 (espa\u00f1ol, dan\u00e9s o bosnio) y, a su vez, se subclasificaron en dos grupos m\u00e1s cada uno, seg\u00fan el tiempo de instrucci\u00f3n recibido en la L2 (2 a\u00f1os o 4 a\u00f1os).<\/p>\n\n\n\n<p><\/p>\n\n\n<div class=\"wp-block-image\">\n<figure class=\"aligncenter size-large is-resized\"><img fetchpriority=\"high\" decoding=\"async\" src=\"https:\/\/uvalal.uva.es\/files\/2022\/09\/participacion-tabla-1-1024x262.jpg\" alt=\"\" class=\"wp-image-4816\" width=\"680\" height=\"173\" srcset=\"https:\/\/uvalal.uva.es\/files\/2022\/09\/participacion-tabla-1-1024x262.jpg 1024w, https:\/\/uvalal.uva.es\/files\/2022\/09\/participacion-tabla-1-300x77.jpg 300w, https:\/\/uvalal.uva.es\/files\/2022\/09\/participacion-tabla-1-768x197.jpg 768w, https:\/\/uvalal.uva.es\/files\/2022\/09\/participacion-tabla-1.jpg 1039w\" sizes=\"(max-width: 680px) 100vw, 680px\" \/><\/figure>\n<\/div>\n\n\n<p class=\"has-text-align-center\">Tabla 1: Grupo de participantes<\/p>\n\n\n\n<p><\/p>\n\n\n\n<p>Los participantes fueron seleccionados seg\u00fan los siguientes criterios:<\/p>\n\n\n\n<ul class=\"wp-block-list\">\n<li>tanto los padres como los ni\u00f1os deb\u00edan compartir la misma L1 (espa\u00f1ol, bosnio o dan\u00e9s, seg\u00fan el grupo) y ninguno pod\u00eda ser hablante biling\u00fce simult\u00e1neo;<\/li>\n\n\n\n<li>la L2 de los participantes ten\u00eda que ser el ingl\u00e9s (si los participantes empezaron a aprender una L3 como parte del plan de estudios durante el tercer o cuarto a\u00f1o de instrucci\u00f3n en la L2, no fueron excluidos del estudio; si este no era el caso, fueron excluidos);<\/li>\n\n\n\n<li>los participantes s\u00f3lo hab\u00edan recibido instrucci\u00f3n en la L2 en entornos educativos;<\/li>\n\n\n\n<li>los participantes hab\u00edan recibido instrucci\u00f3n en la L2 durante 2 o 4 a\u00f1os en el ciclo de primaria;<\/li>\n\n\n\n<li>los participantes que participaron en alg\u00fan programa de intercambio o que vivieron en un pa\u00eds de habla inglesa durante m\u00e1s de dos semanas fueron excluidos del estudio.<\/li>\n<\/ul>\n","protected":false},"excerpt":{"rendered":"<p>Los 106 participantes del corpus soraUVALAL se clasificaron en tres grupos seg\u00fan su L1 (espa\u00f1ol, dan\u00e9s o bosnio) y, a su vez, se subclasificaron en dos grupos m\u00e1s cada uno, seg\u00fan el tiempo de instrucci\u00f3n recibido en la L2 (2 a\u00f1os o 4 a\u00f1os). Tabla 1: Grupo de participantes Los participantes fueron seleccionados seg\u00fan los [&hellip;]<\/p>\n","protected":false},"author":556,"featured_media":0,"parent":4818,"menu_order":2,"comment_status":"closed","ping_status":"closed","template":"page-full-width.php","meta":{"footnotes":""},"class_list":["post-4812","page","type-page","status-publish","hentry"],"_links":{"self":[{"href":"https:\/\/uvalal.uva.es\/index.php\/wp-json\/wp\/v2\/pages\/4812","targetHints":{"allow":["GET"]}}],"collection":[{"href":"https:\/\/uvalal.uva.es\/index.php\/wp-json\/wp\/v2\/pages"}],"about":[{"href":"https:\/\/uvalal.uva.es\/index.php\/wp-json\/wp\/v2\/types\/page"}],"author":[{"embeddable":true,"href":"https:\/\/uvalal.uva.es\/index.php\/wp-json\/wp\/v2\/users\/556"}],"replies":[{"embeddable":true,"href":"https:\/\/uvalal.uva.es\/index.php\/wp-json\/wp\/v2\/comments?post=4812"}],"version-history":[{"count":0,"href":"https:\/\/uvalal.uva.es\/index.php\/wp-json\/wp\/v2\/pages\/4812\/revisions"}],"up":[{"embeddable":true,"href":"https:\/\/uvalal.uva.es\/index.php\/wp-json\/wp\/v2\/pages\/4818"}],"wp:attachment":[{"href":"https:\/\/uvalal.uva.es\/index.php\/wp-json\/wp\/v2\/media?parent=4812"}],"curies":[{"name":"wp","href":"https:\/\/api.w.org\/{rel}","templated":true}]}}