{"id":4809,"date":"2022-09-02T06:31:14","date_gmt":"2022-09-02T04:31:14","guid":{"rendered":"https:\/\/uvalal.uva.es\/?page_id=4809"},"modified":"2022-10-08T10:21:31","modified_gmt":"2022-10-08T08:21:31","slug":"descripcion-del-corpues","status":"publish","type":"page","link":"https:\/\/uvalal.uva.es\/index.php\/es\/datos\/corpus\/corpus-sorauvalal\/descripcion-del-corpues\/","title":{"rendered":"descripci\u00f3n del corpus"},"content":{"rendered":"\n<p>El corpus <a rel=\"noreferrer noopener\" href=\"https:\/\/slabank.talkbank.org\/access\/English\/soraUVALAL.html\" target=\"_blank\">soraUVALAL<\/a> (Mujcinovic y Fern\u00e1ndez Fuertes 2021) recoge la producci\u00f3n experimental oral y escrita de 106 ni\u00f1os de L2 ingl\u00e9s. Est\u00e1 completamente transcrito en el sistema CHAT y est\u00e1 disponible en la base de datos <a rel=\"noreferrer noopener\" href=\"https:\/\/slabank.talkbank.org\/access\/\" target=\"_blank\">SLABank<\/a> del sistema <a rel=\"noreferrer noopener\" href=\"https:\/\/www.talkbank.org\/\" target=\"_blank\">TalkBank<\/a> (MacWhinney 2019).<\/p>\n\n\n\n<p>Financiaci\u00f3n:<\/p>\n\n\n\n<ul class=\"wp-block-list\"><li>2018-2022. Ministerio de Ciencia, Innovaci\u00f3n y Universidades de Espa\u00f1a y Fondo Europeo de Desarrollo Regional (FEDER) [ref. PGC2018-097693-B-I00]<\/li><li>2017-2019. Consejer\u00eda de Educaci\u00f3n de la Junta de Castilla y Le\u00f3n y FEDER [ref. VA009P17]<\/li><\/ul>\n","protected":false},"excerpt":{"rendered":"<p>El corpus soraUVALAL (Mujcinovic y Fern\u00e1ndez Fuertes 2021) recoge la producci\u00f3n experimental oral y escrita de 106 ni\u00f1os de L2 ingl\u00e9s. Est\u00e1 completamente transcrito en el sistema CHAT y est\u00e1 disponible en la base de datos SLABank del sistema TalkBank (MacWhinney 2019). Financiaci\u00f3n: 2018-2022. Ministerio de Ciencia, Innovaci\u00f3n y Universidades de Espa\u00f1a y Fondo Europeo [&hellip;]<\/p>\n","protected":false},"author":556,"featured_media":0,"parent":4818,"menu_order":0,"comment_status":"closed","ping_status":"closed","template":"page-full-width.php","meta":{"footnotes":""},"class_list":["post-4809","page","type-page","status-publish","hentry"],"_links":{"self":[{"href":"https:\/\/uvalal.uva.es\/index.php\/wp-json\/wp\/v2\/pages\/4809","targetHints":{"allow":["GET"]}}],"collection":[{"href":"https:\/\/uvalal.uva.es\/index.php\/wp-json\/wp\/v2\/pages"}],"about":[{"href":"https:\/\/uvalal.uva.es\/index.php\/wp-json\/wp\/v2\/types\/page"}],"author":[{"embeddable":true,"href":"https:\/\/uvalal.uva.es\/index.php\/wp-json\/wp\/v2\/users\/556"}],"replies":[{"embeddable":true,"href":"https:\/\/uvalal.uva.es\/index.php\/wp-json\/wp\/v2\/comments?post=4809"}],"version-history":[{"count":0,"href":"https:\/\/uvalal.uva.es\/index.php\/wp-json\/wp\/v2\/pages\/4809\/revisions"}],"up":[{"embeddable":true,"href":"https:\/\/uvalal.uva.es\/index.php\/wp-json\/wp\/v2\/pages\/4818"}],"wp:attachment":[{"href":"https:\/\/uvalal.uva.es\/index.php\/wp-json\/wp\/v2\/media?parent=4809"}],"curies":[{"name":"wp","href":"https:\/\/api.w.org\/{rel}","templated":true}]}}