{"id":3967,"date":"2021-04-29T18:39:14","date_gmt":"2021-04-29T16:39:14","guid":{"rendered":"http:\/\/uvalal.uva.es\/?page_id=3967"},"modified":"2021-04-30T08:39:21","modified_gmt":"2021-04-30T06:39:21","slug":"grabaciones-transcripciones","status":"publish","type":"page","link":"https:\/\/uvalal.uva.es\/index.php\/es\/datos\/corpus\/corpus-ferfulice\/grabaciones-transcripciones\/","title":{"rendered":"grabaciones &amp; transcripciones"},"content":{"rendered":"<p><img decoding=\"async\" class=\" wp-image-1677 alignleft\" src=\"http:\/\/albergueweb1.uva.es\/uvalal\/wp-content\/uploads\/2018\/02\/Imagen_Grabaciones-150x150.png\" alt=\"\" width=\"111\" height=\"110\" srcset=\"https:\/\/uvalal.uva.es\/files\/2018\/02\/Imagen_Grabaciones-150x150.png 150w, https:\/\/uvalal.uva.es\/files\/2018\/02\/Imagen_Grabaciones.png 225w\" sizes=\"(max-width: 111px) 100vw, 111px\" \/><\/p>\n<p style=\"text-align: left\"><span style=\"text-align: justify\">Las\u00a0<strong>grabaciones<\/strong>\u00a0de la producci\u00f3n ling\u00fc\u00edstica de Simon y Leo del corpus <a style=\"text-align: justify\" href=\"http:\/\/childes.talkbank.org\/access\/Biling\/FerFuLice.html\" target=\"_blank\" rel=\"noopener noreferrer\"><strong>FerFuLice<\/strong><\/a> comenzaron en febrero de 2000, cuando los gemelos ten\u00edan 13 meses, y continuaron hasta la edad de 6;11.<\/span><\/p>\n<p style=\"text-align: left\">Las grabaciones se efectuaron siguiendo el procedimiento especificado en la bibliograf\u00eda sobre adquisici\u00f3n del lenguaje, tanto monoling\u00fce como biling\u00fce (Slobin 1985, De Houwer 1990, L\u00f3pez Ornat 1994, McDaniel et al. 1995, Thornton 1996, Rice et al. 1999, Bel 2001, por citar alguna).<\/p>\n<p style=\"text-align: left\">En total se han grabado 178 sesiones en formato audio-video digital, de las cuales 117 est\u00e1n en un contexto ingl\u00e9s (donde los ni\u00f1os interact\u00faan con un interlocutor nativo ingl\u00e9s, que es uno de los investigadores o la madre) y 61 en un contexto espa\u00f1ol (con un interlocutor nativo espa\u00f1ol, que es una de las investigadoras o el padre). Las sesiones en espa\u00f1ol se realizaron cada 15 d\u00edas hasta la edad de 3;00 y despu\u00e9s una vez al mes. Las sesiones en ingl\u00e9s se realizaron con m\u00e1s frecuencia, pero eran de duraci\u00f3n m\u00e1s corta y grabadas en d\u00edas consecutivos. Los investigadores interrump\u00edan las grabaciones peri\u00f3dicas en el verano y durante aproximadamente los dos meses en los que la familia viajaba a Estados Unidos.<\/p>\n<p style=\"text-align: left\">En ese periodo, los padres las retomaban para asegurar as\u00ed una continuidad en la recogida de datos. Las grabaciones recogen situaciones de la vida diaria en las que Simon y Leo juegan con los padres e investigadores en casa y en las que suelen aparecer juntos.<\/p>\n<hr \/>\n<p><img decoding=\"async\" class=\"wp-image-1691 size-thumbnail alignleft\" style=\"text-align: justify\" src=\"http:\/\/uvalal.uva.es\/files\/2018\/02\/Imagen_Transcripciones-.gif\" alt=\"\" width=\"150\" height=\"100\" \/><\/p>\n<p style=\"text-align: left\">Las\u00a0<strong>transcripciones<\/strong>\u00a0de las 178 sesiones que componen el corpus <a href=\"http:\/\/childes.talkbank.org\/access\/Biling\/FerFuLice.html\" target=\"_blank\" rel=\"noopener noreferrer\"><strong>FerFuLice<\/strong><\/a> han sido realizadas en su totalidad en formato CHAT para la base de datos CHILDES (MacWhinney 2000).<\/p>\n<p style=\"text-align: left\">Las sesiones en espa\u00f1ol han sido transcritas por nativos de espa\u00f1ol del equipo de investigaci\u00f3n de la Universidad de Valladolid dirigido por Raquel Fern\u00e1ndez Fuertes. Las sesiones en ingl\u00e9s han sido transcritas por nativos de ingl\u00e9s del equipo de investigaci\u00f3n de la Universidad de Ottawa (Canad\u00e1) dirigido por Juana M. Liceras. Asimismo, aparecen algunas sesiones biling\u00fces en las que los dos equipos de transcripci\u00f3n han colaborado. En estas sesiones biling\u00fces se incluyen tres pruebas de traducci\u00f3n.<br \/>\nLas sesiones est\u00e1n denominadas correlativamente (01, 02, 03, etc.) excepto en algunos casos en los que se utilizan letras para las distintas sesiones (31a, 31b, 31c). Dentro de cada sesi\u00f3n, los distintos archivos marcan el l\u00edmite aproximado de 1.000 enunciados por archivo (01_1, 01_2).<\/p>\n<p><a href=\"http:\/\/uvalal.blogs.uva.es\/files\/2017\/10\/rFerFuLice.xlsx\">Inventario<\/a>: informaci\u00f3n detallada de cada sesi\u00f3n (LMEp, n\u00famero de enunciados, etc.).<br \/>\n<a href=\"http:\/\/uvalal.blogs.uva.es\/files\/2017\/10\/rTranscribing_in_chatDEC2008.pdf\" target=\"_blank\" rel=\"noopener noreferrer\">Formato CHAT<\/a>: informaci\u00f3n detallada de las pautas seguidas en la transcripci\u00f3n.<\/p>\n","protected":false},"excerpt":{"rendered":"<p>Las\u00a0grabaciones\u00a0de la producci\u00f3n ling\u00fc\u00edstica de Simon y Leo del corpus FerFuLice comenzaron en febrero de 2000, cuando los gemelos ten\u00edan 13 meses, y continuaron hasta la edad de 6;11. Las grabaciones se efectuaron siguiendo el procedimiento especificado en la bibliograf\u00eda sobre adquisici\u00f3n del lenguaje, tanto monoling\u00fce como biling\u00fce (Slobin 1985, De Houwer 1990, L\u00f3pez Ornat [&hellip;]<\/p>\n","protected":false},"author":452,"featured_media":0,"parent":135,"menu_order":2,"comment_status":"closed","ping_status":"closed","template":"page-full-width.php","meta":{"footnotes":""},"class_list":["post-3967","page","type-page","status-publish","hentry"],"_links":{"self":[{"href":"https:\/\/uvalal.uva.es\/index.php\/wp-json\/wp\/v2\/pages\/3967","targetHints":{"allow":["GET"]}}],"collection":[{"href":"https:\/\/uvalal.uva.es\/index.php\/wp-json\/wp\/v2\/pages"}],"about":[{"href":"https:\/\/uvalal.uva.es\/index.php\/wp-json\/wp\/v2\/types\/page"}],"author":[{"embeddable":true,"href":"https:\/\/uvalal.uva.es\/index.php\/wp-json\/wp\/v2\/users\/452"}],"replies":[{"embeddable":true,"href":"https:\/\/uvalal.uva.es\/index.php\/wp-json\/wp\/v2\/comments?post=3967"}],"version-history":[{"count":0,"href":"https:\/\/uvalal.uva.es\/index.php\/wp-json\/wp\/v2\/pages\/3967\/revisions"}],"up":[{"embeddable":true,"href":"https:\/\/uvalal.uva.es\/index.php\/wp-json\/wp\/v2\/pages\/135"}],"wp:attachment":[{"href":"https:\/\/uvalal.uva.es\/index.php\/wp-json\/wp\/v2\/media?parent=3967"}],"curies":[{"name":"wp","href":"https:\/\/api.w.org\/{rel}","templated":true}]}}