{"id":2491,"date":"2018-08-07T09:44:56","date_gmt":"2018-08-07T09:44:56","guid":{"rendered":"http:\/\/albergueweb1.uva.es\/uvalal\/?page_id=2491"},"modified":"2023-03-22T23:40:01","modified_gmt":"2023-03-22T21:40:01","slug":"el-uvalal-2","status":"publish","type":"page","link":"https:\/\/uvalal.uva.es\/index.php\/es\/grupo-2\/el-uvalal-2\/","title":{"rendered":"el UVALAL"},"content":{"rendered":"<p style=\"text-align: left\"><strong>El UVALAL<\/strong> es un grupo de investigaci\u00f3n de la <a href=\"http:\/\/www.uva.es\/\" target=\"_blank\" rel=\"noopener noreferrer\">Universidad de Valladolid<\/a> que se dedica al estudio de la adquisici\u00f3n biling\u00fce partiendo de propuestas formales y utilizando datos tanto espont\u00e1neos como experimentales de biling\u00fcismo simult\u00e1neo infantil (L1+L1) y de biling\u00fcismo secuencial en ni\u00f1os y adultos (L1+L2).<\/p>\n<p style=\"text-align: left\"><strong>El UVALAL<\/strong> entr\u00f3 en funcionamiento en 2002 a ra\u00edz de la concesi\u00f3n de un proyecto de investigaci\u00f3n financiado por la Consejer\u00eda de Educaci\u00f3n y Cultura de la Junta de Castilla y Le\u00f3n (<em>Estrategias para la ense\u00f1anza de lenguas y la formaci\u00f3n del profesorado: estudio te\u00f3rico y pr\u00e1ctico de la producci\u00f3n ling\u00fc\u00edstica de gemelos biling\u00fces ingl\u00e9s\/espa\u00f1ol<\/em> [UV30\/02], 2002-2004) y en 2005 se constituy\u00f3 como <a href=\"https:\/\/investiga.uva.es\/estructuras-i-d-i\/grupos-de-investigacion\/mas-informacion-del-grupo-de-investigacion\/?grupo=69\" target=\"_blank\" rel=\"noopener noreferrer\">GIR<\/a> (Grupo de Investigaci\u00f3n Reconocido).<\/p>\n","protected":false},"excerpt":{"rendered":"<p>El UVALAL es un grupo de investigaci\u00f3n de la Universidad de Valladolid que se dedica al estudio de la adquisici\u00f3n biling\u00fce partiendo de propuestas formales y utilizando datos tanto espont\u00e1neos como experimentales de biling\u00fcismo simult\u00e1neo infantil (L1+L1) y de biling\u00fcismo secuencial en ni\u00f1os y adultos (L1+L2). El UVALAL entr\u00f3 en funcionamiento en 2002 a ra\u00edz [&hellip;]<\/p>\n","protected":false},"author":556,"featured_media":0,"parent":132,"menu_order":1,"comment_status":"closed","ping_status":"closed","template":"page-full-width.php","meta":{"footnotes":""},"class_list":["post-2491","page","type-page","status-publish","hentry"],"_links":{"self":[{"href":"https:\/\/uvalal.uva.es\/index.php\/wp-json\/wp\/v2\/pages\/2491","targetHints":{"allow":["GET"]}}],"collection":[{"href":"https:\/\/uvalal.uva.es\/index.php\/wp-json\/wp\/v2\/pages"}],"about":[{"href":"https:\/\/uvalal.uva.es\/index.php\/wp-json\/wp\/v2\/types\/page"}],"author":[{"embeddable":true,"href":"https:\/\/uvalal.uva.es\/index.php\/wp-json\/wp\/v2\/users\/556"}],"replies":[{"embeddable":true,"href":"https:\/\/uvalal.uva.es\/index.php\/wp-json\/wp\/v2\/comments?post=2491"}],"version-history":[{"count":0,"href":"https:\/\/uvalal.uva.es\/index.php\/wp-json\/wp\/v2\/pages\/2491\/revisions"}],"up":[{"embeddable":true,"href":"https:\/\/uvalal.uva.es\/index.php\/wp-json\/wp\/v2\/pages\/132"}],"wp:attachment":[{"href":"https:\/\/uvalal.uva.es\/index.php\/wp-json\/wp\/v2\/media?parent=2491"}],"curies":[{"name":"wp","href":"https:\/\/api.w.org\/{rel}","templated":true}]}}