{"id":153,"date":"2017-10-29T07:47:44","date_gmt":"2017-10-29T07:47:44","guid":{"rendered":"http:\/\/www3.uva.es\/uvalal\/?page_id=153"},"modified":"2022-11-27T23:50:55","modified_gmt":"2022-11-27T21:50:55","slug":"el-uvalal","status":"publish","type":"page","link":"https:\/\/uvalal.uva.es\/index.php\/es\/grupo-2\/el-uvalal\/","title":{"rendered":""},"content":{"rendered":"\t\t<div data-elementor-type=\"wp-page\" data-elementor-id=\"153\" class=\"elementor elementor-153\">\n\t\t\t\t\t\t<section class=\"elementor-section elementor-top-section elementor-element elementor-element-28851f09 elementor-section-boxed elementor-section-height-default elementor-section-height-default\" data-id=\"28851f09\" data-element_type=\"section\" data-e-type=\"section\">\n\t\t\t\t\t\t<div class=\"elementor-container elementor-column-gap-default\">\n\t\t\t\t\t<div class=\"elementor-column elementor-col-100 elementor-top-column elementor-element elementor-element-b577561\" data-id=\"b577561\" data-element_type=\"column\" data-e-type=\"column\">\n\t\t\t<div class=\"elementor-widget-wrap elementor-element-populated\">\n\t\t\t\t\t\t<div class=\"elementor-element elementor-element-45b26b70 elementor-widget elementor-widget-text-editor\" data-id=\"45b26b70\" data-element_type=\"widget\" data-e-type=\"widget\" data-widget_type=\"text-editor.default\">\n\t\t\t\t<div class=\"elementor-widget-container\">\n\t\t\t\t\t\t\t\t\t<p style=\"text-align: justify\"><strong>El UVALAL<\/strong> realiza investigaci\u00f3n ling\u00fc\u00edstica en adquisici\u00f3n biling\u00fce (principalmente ingl\u00e9s\/espa\u00f1ol) haciendo uso de propuestas formales de la teor\u00eda ling\u00fc\u00edstica y de datos espont\u00e1neos y experimentales de distintos tipos de hablantes con objeto de dar cuenta de los fen\u00f3menos que aparecen en situaciones de lenguas en contacto (p.ej. separaci\u00f3n y mezcla de lenguas, interferencia interling\u00fc\u00edstica).<\/p>\t\t\t\t\t\t\t\t<\/div>\n\t\t\t\t<\/div>\n\t\t\t\t\t<\/div>\n\t\t<\/div>\n\t\t\t\t\t<\/div>\n\t\t<\/section>\n\t\t\t\t<section class=\"elementor-section elementor-top-section elementor-element elementor-element-66d6aed1 elementor-section-full_width elementor-section-stretched elementor-section-height-default elementor-section-height-default\" data-id=\"66d6aed1\" data-element_type=\"section\" data-e-type=\"section\" data-settings=\"{&quot;stretch_section&quot;:&quot;section-stretched&quot;}\">\n\t\t\t\t\t\t<div class=\"elementor-container elementor-column-gap-default\">\n\t\t\t\t\t<div class=\"elementor-column elementor-col-100 elementor-top-column elementor-element elementor-element-10b0ce71\" data-id=\"10b0ce71\" data-element_type=\"column\" data-e-type=\"column\">\n\t\t\t<div class=\"elementor-widget-wrap elementor-element-populated\">\n\t\t\t\t\t\t<div class=\"elementor-element elementor-element-280ae786 elementor-widget elementor-widget-image\" data-id=\"280ae786\" data-element_type=\"widget\" data-e-type=\"widget\" data-widget_type=\"image.default\">\n\t\t\t\t<div class=\"elementor-widget-container\">\n\t\t\t\t\t\t\t\t\t\t\t\t\t\t\t<img fetchpriority=\"high\" decoding=\"async\" width=\"1536\" height=\"136\" src=\"https:\/\/uvalal.uva.es\/files\/2022\/11\/zocalo2020-1536x136b.png\" class=\"attachment-full size-full wp-image-5493\" alt=\"\" srcset=\"https:\/\/uvalal.uva.es\/files\/2022\/11\/zocalo2020-1536x136b.png 1536w, https:\/\/uvalal.uva.es\/files\/2022\/11\/zocalo2020-1536x136b-300x27.png 300w, https:\/\/uvalal.uva.es\/files\/2022\/11\/zocalo2020-1536x136b-1024x91.png 1024w, https:\/\/uvalal.uva.es\/files\/2022\/11\/zocalo2020-1536x136b-768x68.png 768w\" sizes=\"(max-width: 1536px) 100vw, 1536px\" \/>\t\t\t\t\t\t\t\t\t\t\t\t\t\t\t<\/div>\n\t\t\t\t<\/div>\n\t\t\t\t\t<\/div>\n\t\t<\/div>\n\t\t\t\t\t<\/div>\n\t\t<\/section>\n\t\t\t\t<\/div>\n\t\t","protected":false},"excerpt":{"rendered":"<p>El UVALAL realiza investigaci\u00f3n ling\u00fc\u00edstica en adquisici\u00f3n biling\u00fce (principalmente ingl\u00e9s\/espa\u00f1ol) haciendo uso de propuestas formales de la teor\u00eda ling\u00fc\u00edstica y de datos espont\u00e1neos y experimentales de distintos tipos de hablantes con objeto de dar cuenta de los fen\u00f3menos que aparecen en situaciones de lenguas en contacto (p.ej. separaci\u00f3n y mezcla de lenguas, interferencia interling\u00fc\u00edstica).<\/p>\n","protected":false},"author":556,"featured_media":0,"parent":132,"menu_order":1,"comment_status":"closed","ping_status":"closed","template":"page-full-width.php","meta":{"footnotes":""},"class_list":["post-153","page","type-page","status-publish","hentry"],"_links":{"self":[{"href":"https:\/\/uvalal.uva.es\/index.php\/wp-json\/wp\/v2\/pages\/153","targetHints":{"allow":["GET"]}}],"collection":[{"href":"https:\/\/uvalal.uva.es\/index.php\/wp-json\/wp\/v2\/pages"}],"about":[{"href":"https:\/\/uvalal.uva.es\/index.php\/wp-json\/wp\/v2\/types\/page"}],"author":[{"embeddable":true,"href":"https:\/\/uvalal.uva.es\/index.php\/wp-json\/wp\/v2\/users\/556"}],"replies":[{"embeddable":true,"href":"https:\/\/uvalal.uva.es\/index.php\/wp-json\/wp\/v2\/comments?post=153"}],"version-history":[{"count":0,"href":"https:\/\/uvalal.uva.es\/index.php\/wp-json\/wp\/v2\/pages\/153\/revisions"}],"up":[{"embeddable":true,"href":"https:\/\/uvalal.uva.es\/index.php\/wp-json\/wp\/v2\/pages\/132"}],"wp:attachment":[{"href":"https:\/\/uvalal.uva.es\/index.php\/wp-json\/wp\/v2\/media?parent=153"}],"curies":[{"name":"wp","href":"https:\/\/api.w.org\/{rel}","templated":true}]}}