{"id":141,"date":"2017-10-29T07:45:03","date_gmt":"2017-10-29T07:45:03","guid":{"rendered":"http:\/\/www3.uva.es\/uvalal\/?page_id=141"},"modified":"2020-07-22T19:34:09","modified_gmt":"2020-07-22T17:34:09","slug":"objetivos","status":"publish","type":"page","link":"https:\/\/uvalal.uva.es\/index.php\/es\/objetivos\/","title":{"rendered":"OBJETIVOS"},"content":{"rendered":"<p style=\"text-align: left\">El UVALAL tiene como objetivo contribuir a la investigaci\u00f3n en adquisici\u00f3n del lenguaje desde la perspectiva de la teor\u00eda ling\u00fc\u00edstica y la gram\u00e1tica comparada. En concreto, los estudios que realiza el UVALAL se centran en los aspectos siguientes:<\/p>\n<ul>\n<li style=\"text-align: left\">estudio ling\u00fc\u00edstico de la adquisici\u00f3n de lenguas primeras (monoling\u00fce, biling\u00fce y de herencia) y lenguas segundas o terceras, as\u00ed como de la relaci\u00f3n entre estos procesos de adquisici\u00f3n diferentes<\/li>\n<li style=\"text-align: left\">an\u00e1lisis de los fen\u00f3menos que emergen en situaciones de lenguas en contacto<\/li>\n<li style=\"text-align: left\">estudio de distintos aspectos ling\u00fc\u00edsticos relacionados con el biling\u00fcismo y su adquisici\u00f3n: alternancia de c\u00f3digos, traducci\u00f3n natural, adquisici\u00f3n de categor\u00edas l\u00e9xicas y funcionales, etc.<\/li>\n<\/ul>\n","protected":false},"excerpt":{"rendered":"<p>El UVALAL tiene como objetivo contribuir a la investigaci\u00f3n en adquisici\u00f3n del lenguaje desde la perspectiva de la teor\u00eda ling\u00fc\u00edstica y la gram\u00e1tica comparada. En concreto, los estudios que realiza el UVALAL se centran en los aspectos siguientes: estudio ling\u00fc\u00edstico de la adquisici\u00f3n de lenguas primeras (monoling\u00fce, biling\u00fce y de herencia) y lenguas segundas o [&hellip;]<\/p>\n","protected":false},"author":556,"featured_media":0,"parent":0,"menu_order":1,"comment_status":"closed","ping_status":"closed","template":"page-full-width.php","meta":{"footnotes":""},"class_list":["post-141","page","type-page","status-publish","hentry"],"_links":{"self":[{"href":"https:\/\/uvalal.uva.es\/index.php\/wp-json\/wp\/v2\/pages\/141","targetHints":{"allow":["GET"]}}],"collection":[{"href":"https:\/\/uvalal.uva.es\/index.php\/wp-json\/wp\/v2\/pages"}],"about":[{"href":"https:\/\/uvalal.uva.es\/index.php\/wp-json\/wp\/v2\/types\/page"}],"author":[{"embeddable":true,"href":"https:\/\/uvalal.uva.es\/index.php\/wp-json\/wp\/v2\/users\/556"}],"replies":[{"embeddable":true,"href":"https:\/\/uvalal.uva.es\/index.php\/wp-json\/wp\/v2\/comments?post=141"}],"version-history":[{"count":0,"href":"https:\/\/uvalal.uva.es\/index.php\/wp-json\/wp\/v2\/pages\/141\/revisions"}],"wp:attachment":[{"href":"https:\/\/uvalal.uva.es\/index.php\/wp-json\/wp\/v2\/media?parent=141"}],"curies":[{"name":"wp","href":"https:\/\/api.w.org\/{rel}","templated":true}]}}