{"id":1374,"date":"2018-01-24T08:43:58","date_gmt":"2018-01-24T06:43:58","guid":{"rendered":"http:\/\/www3.uva.es\/uvalal\/index.php\/datos\/datos-experimentales\/"},"modified":"2022-11-27T23:10:17","modified_gmt":"2022-11-27T21:10:17","slug":"datos-experimentales","status":"publish","type":"page","link":"https:\/\/uvalal.uva.es\/index.php\/es\/datos\/datos-experimentales\/","title":{"rendered":"pruebas experimentales"},"content":{"rendered":"\t\t<div data-elementor-type=\"wp-page\" data-elementor-id=\"1374\" class=\"elementor elementor-1374\">\n\t\t\t\t\t\t<section class=\"elementor-section elementor-top-section elementor-element elementor-element-4562c535 elementor-section-boxed elementor-section-height-default elementor-section-height-default\" data-id=\"4562c535\" data-element_type=\"section\" data-e-type=\"section\">\n\t\t\t\t\t\t<div class=\"elementor-container elementor-column-gap-default\">\n\t\t\t\t\t<div class=\"elementor-column elementor-col-50 elementor-top-column elementor-element elementor-element-6c4765e\" data-id=\"6c4765e\" data-element_type=\"column\" data-e-type=\"column\">\n\t\t\t<div class=\"elementor-widget-wrap elementor-element-populated\">\n\t\t\t\t\t\t<div class=\"elementor-element elementor-element-533e9f9d elementor-widget elementor-widget-image\" data-id=\"533e9f9d\" data-element_type=\"widget\" data-e-type=\"widget\" data-widget_type=\"image.default\">\n\t\t\t\t<div class=\"elementor-widget-container\">\n\t\t\t\t\t\t\t\t\t\t\t\t\t\t\t<img fetchpriority=\"high\" decoding=\"async\" width=\"2064\" height=\"979\" src=\"https:\/\/uvalal.uva.es\/files\/2020\/07\/04_a.png\" class=\"attachment-full size-full wp-image-3457\" alt=\"\" srcset=\"https:\/\/uvalal.uva.es\/files\/2020\/07\/04_a.png 2064w, https:\/\/uvalal.uva.es\/files\/2020\/07\/04_a-300x142.png 300w, https:\/\/uvalal.uva.es\/files\/2020\/07\/04_a-1024x486.png 1024w, https:\/\/uvalal.uva.es\/files\/2020\/07\/04_a-768x364.png 768w, https:\/\/uvalal.uva.es\/files\/2020\/07\/04_a-1536x729.png 1536w, https:\/\/uvalal.uva.es\/files\/2020\/07\/04_a-2048x971.png 2048w\" sizes=\"(max-width: 2064px) 100vw, 2064px\" \/>\t\t\t\t\t\t\t\t\t\t\t\t\t\t\t<\/div>\n\t\t\t\t<\/div>\n\t\t\t\t\t<\/div>\n\t\t<\/div>\n\t\t\t\t<div class=\"elementor-column elementor-col-50 elementor-top-column elementor-element elementor-element-78e3102f\" data-id=\"78e3102f\" data-element_type=\"column\" data-e-type=\"column\">\n\t\t\t<div class=\"elementor-widget-wrap elementor-element-populated\">\n\t\t\t\t\t\t<div class=\"elementor-element elementor-element-19fb1adc elementor-widget elementor-widget-text-editor\" data-id=\"19fb1adc\" data-element_type=\"widget\" data-e-type=\"widget\" data-widget_type=\"text-editor.default\">\n\t\t\t\t<div class=\"elementor-widget-container\">\n\t\t\t\t\t\t\t\t\t<ul><li><a href=\"https:\/\/uvalal.uva.es\/index.php\/es\/datos\/datos-experimentales\/comprension\/\">comprensi\u00f3n<\/a><\/li><li><a href=\"https:\/\/uvalal.uva.es\/index.php\/es\/datos\/datos-experimentales\/repeticion\/\">repetici\u00f3n<\/a><\/li><li><a href=\"https:\/\/uvalal.uva.es\/index.php\/es\/datos\/datos-experimentales\/produccion\/\">producci\u00f3n<\/a><\/li><li><a href=\"https:\/\/uvalal.uva.es\/index.php\/es\/datos\/datos-experimentales\/juicios-de-aceptabilidad\/\">juicios de aceptabilidad<\/a><\/li><li><a href=\"https:\/\/uvalal.uva.es\/index.php\/es\/datos\/datos-experimentales\/lectura\/\">lectura<\/a><\/li><li><a href=\"https:\/\/uvalal.uva.es\/index.php\/es\/datos\/datos-experimentales\/seleccion-de-palabras\/\">selecci\u00f3n de palabras<\/a><\/li><\/ul>\t\t\t\t\t\t\t\t<\/div>\n\t\t\t\t<\/div>\n\t\t\t\t\t<\/div>\n\t\t<\/div>\n\t\t\t\t\t<\/div>\n\t\t<\/section>\n\t\t\t\t<\/div>\n\t\t","protected":false},"excerpt":{"rendered":"<p>comprensi\u00f3n repetici\u00f3n producci\u00f3n juicios de aceptabilidad lectura selecci\u00f3n de palabras<\/p>\n","protected":false},"author":556,"featured_media":0,"parent":126,"menu_order":1,"comment_status":"closed","ping_status":"closed","template":"page-full-width.php","meta":{"footnotes":""},"class_list":["post-1374","page","type-page","status-publish","hentry"],"_links":{"self":[{"href":"https:\/\/uvalal.uva.es\/index.php\/wp-json\/wp\/v2\/pages\/1374","targetHints":{"allow":["GET"]}}],"collection":[{"href":"https:\/\/uvalal.uva.es\/index.php\/wp-json\/wp\/v2\/pages"}],"about":[{"href":"https:\/\/uvalal.uva.es\/index.php\/wp-json\/wp\/v2\/types\/page"}],"author":[{"embeddable":true,"href":"https:\/\/uvalal.uva.es\/index.php\/wp-json\/wp\/v2\/users\/556"}],"replies":[{"embeddable":true,"href":"https:\/\/uvalal.uva.es\/index.php\/wp-json\/wp\/v2\/comments?post=1374"}],"version-history":[{"count":0,"href":"https:\/\/uvalal.uva.es\/index.php\/wp-json\/wp\/v2\/pages\/1374\/revisions"}],"up":[{"embeddable":true,"href":"https:\/\/uvalal.uva.es\/index.php\/wp-json\/wp\/v2\/pages\/126"}],"wp:attachment":[{"href":"https:\/\/uvalal.uva.es\/index.php\/wp-json\/wp\/v2\/media?parent=1374"}],"curies":[{"name":"wp","href":"https:\/\/api.w.org\/{rel}","templated":true}]}}