{"id":111,"date":"2017-10-29T07:32:08","date_gmt":"2017-10-29T05:32:08","guid":{"rendered":"http:\/\/www3.uva.es\/uvalal\/?page_id=111"},"modified":"2022-11-27T22:34:17","modified_gmt":"2022-11-27T20:34:17","slug":"lectura","status":"publish","type":"page","link":"https:\/\/uvalal.uva.es\/index.php\/es\/datos\/datos-experimentales\/lectura\/","title":{"rendered":"lectura"},"content":{"rendered":"\t\t<div data-elementor-type=\"wp-page\" data-elementor-id=\"111\" class=\"elementor elementor-111\">\n\t\t\t\t\t\t<section class=\"elementor-section elementor-top-section elementor-element elementor-element-2b4f3790 elementor-section-boxed elementor-section-height-default elementor-section-height-default\" data-id=\"2b4f3790\" data-element_type=\"section\" data-e-type=\"section\">\n\t\t\t\t\t\t<div class=\"elementor-container elementor-column-gap-default\">\n\t\t\t\t\t<div class=\"elementor-column elementor-col-50 elementor-top-column elementor-element elementor-element-23f23ba9\" data-id=\"23f23ba9\" data-element_type=\"column\" data-e-type=\"column\">\n\t\t\t<div class=\"elementor-widget-wrap elementor-element-populated\">\n\t\t\t\t\t\t<div class=\"elementor-element elementor-element-7d6e2f2e elementor-widget elementor-widget-image\" data-id=\"7d6e2f2e\" data-element_type=\"widget\" data-e-type=\"widget\" data-widget_type=\"image.default\">\n\t\t\t\t<div class=\"elementor-widget-container\">\n\t\t\t\t\t\t\t\t\t\t\t\t\t\t\t<img fetchpriority=\"high\" decoding=\"async\" width=\"514\" height=\"728\" src=\"https:\/\/uvalal.uva.es\/files\/2020\/12\/code5-1.jpg\" class=\"attachment-full size-full wp-image-3814\" alt=\"\" srcset=\"https:\/\/uvalal.uva.es\/files\/2020\/12\/code5-1.jpg 514w, https:\/\/uvalal.uva.es\/files\/2020\/12\/code5-1-212x300.jpg 212w\" sizes=\"(max-width: 514px) 100vw, 514px\" \/>\t\t\t\t\t\t\t\t\t\t\t\t\t\t\t<\/div>\n\t\t\t\t<\/div>\n\t\t\t\t\t<\/div>\n\t\t<\/div>\n\t\t\t\t<div class=\"elementor-column elementor-col-50 elementor-top-column elementor-element elementor-element-171507cc\" data-id=\"171507cc\" data-element_type=\"column\" data-e-type=\"column\">\n\t\t\t<div class=\"elementor-widget-wrap elementor-element-populated\">\n\t\t\t\t\t\t<div class=\"elementor-element elementor-element-33dd9a6b elementor-widget elementor-widget-text-editor\" data-id=\"33dd9a6b\" data-element_type=\"widget\" data-e-type=\"widget\" data-widget_type=\"text-editor.default\">\n\t\t\t\t<div class=\"elementor-widget-container\">\n\t\t\t\t\t\t\t\t\t<p style=\"text-align: left\"><span style=\"color: #50a2ce\"><strong>eye tracking_concord<\/strong><\/span><\/p><ul><li style=\"text-align: left\"><strong>prueba<\/strong>: los participantes tienen que leer en silencio una serie de oraciones algunas de las cuales est\u00e1n en ingl\u00e9s, otras en espa\u00f1ol y otras tienen alternancia de c\u00f3digos entre el ingl\u00e9s y el espa\u00f1ol<\/li><li style=\"text-align: left\"><strong>implementaci\u00f3n<\/strong>: metodolog\u00eda del seguimiento ocular (eye tracking)<\/li><li style=\"text-align: left\"><strong>lenguas<\/strong>: ingl\u00e9s, espa\u00f1ol<\/li><li style=\"text-align: left\"><strong>participantes<\/strong><br \/>\u00a0 \u00a0 \u00a0ni\u00f1os: 33 (L1 espa\u00f1ol-L2 ingl\u00e9s); 7 (L1 espa\u00f1ol-ingl\u00e9s de herencia)<br \/>\u00a0 \u00a0 \u00a0adultos: 32 (L1 espa\u00f1ol-L2 ingl\u00e9s); 19 (L1 ingl\u00e9s-L2 espa\u00f1ol);<br \/>9 (L1 espa\u00f1ol-ingl\u00e9s de herencia); 15 (L1 ingl\u00e9s-espa\u00f1ol de herencia)<\/li><li style=\"text-align: left\"><strong>objetivo<\/strong>: analizar c\u00f3mo las propiedades de dos sistemas ling\u00fc\u00edsticos interact\u00faan en la mente del biling\u00fce. Concretamente, se analiza la direccionalidad de la alternancia de c\u00f3digos y el tipo de mecanismo de concordancia impl\u00edcita de g\u00e9nero en sintagmas determinante con alternancia<\/li><\/ul>\t\t\t\t\t\t\t\t<\/div>\n\t\t\t\t<\/div>\n\t\t\t\t\t<\/div>\n\t\t<\/div>\n\t\t\t\t\t<\/div>\n\t\t<\/section>\n\t\t\t\t<section class=\"elementor-section elementor-top-section elementor-element elementor-element-cc0fe31 elementor-section-boxed elementor-section-height-default elementor-section-height-default\" data-id=\"cc0fe31\" data-element_type=\"section\" data-e-type=\"section\">\n\t\t\t\t\t\t<div class=\"elementor-container elementor-column-gap-default\">\n\t\t\t\t\t<div class=\"elementor-column elementor-col-100 elementor-top-column elementor-element elementor-element-51bff55\" data-id=\"51bff55\" data-element_type=\"column\" data-e-type=\"column\">\n\t\t\t<div class=\"elementor-widget-wrap elementor-element-populated\">\n\t\t\t\t\t\t<div class=\"elementor-element elementor-element-6a3505e4 elementor-widget-divider--view-line elementor-widget elementor-widget-divider\" data-id=\"6a3505e4\" data-element_type=\"widget\" data-e-type=\"widget\" data-widget_type=\"divider.default\">\n\t\t\t\t<div class=\"elementor-widget-container\">\n\t\t\t\t\t\t\t<div class=\"elementor-divider\">\n\t\t\t<span class=\"elementor-divider-separator\">\n\t\t\t\t\t\t<\/span>\n\t\t<\/div>\n\t\t\t\t\t\t<\/div>\n\t\t\t\t<\/div>\n\t\t\t\t\t<\/div>\n\t\t<\/div>\n\t\t\t\t\t<\/div>\n\t\t<\/section>\n\t\t\t\t<section class=\"elementor-section elementor-top-section elementor-element elementor-element-618c33b9 elementor-section-boxed elementor-section-height-default elementor-section-height-default\" data-id=\"618c33b9\" data-element_type=\"section\" data-e-type=\"section\">\n\t\t\t\t\t\t<div class=\"elementor-container elementor-column-gap-default\">\n\t\t\t\t\t<div class=\"elementor-column elementor-col-50 elementor-top-column elementor-element elementor-element-55311f9f\" data-id=\"55311f9f\" data-element_type=\"column\" data-e-type=\"column\">\n\t\t\t<div class=\"elementor-widget-wrap elementor-element-populated\">\n\t\t\t\t\t\t<div class=\"elementor-element elementor-element-57343751 elementor-widget elementor-widget-image\" data-id=\"57343751\" data-element_type=\"widget\" data-e-type=\"widget\" data-widget_type=\"image.default\">\n\t\t\t\t<div class=\"elementor-widget-container\">\n\t\t\t\t\t\t\t\t\t\t\t\t\t\t\t<img decoding=\"async\" width=\"826\" height=\"1130\" src=\"https:\/\/uvalal.uva.es\/files\/2022\/11\/caratula-reading-ET-person.jpg\" class=\"attachment-full size-full wp-image-5413\" alt=\"\" srcset=\"https:\/\/uvalal.uva.es\/files\/2022\/11\/caratula-reading-ET-person.jpg 826w, https:\/\/uvalal.uva.es\/files\/2022\/11\/caratula-reading-ET-person-219x300.jpg 219w, https:\/\/uvalal.uva.es\/files\/2022\/11\/caratula-reading-ET-person-749x1024.jpg 749w, https:\/\/uvalal.uva.es\/files\/2022\/11\/caratula-reading-ET-person-768x1051.jpg 768w\" sizes=\"(max-width: 826px) 100vw, 826px\" \/>\t\t\t\t\t\t\t\t\t\t\t\t\t\t\t<\/div>\n\t\t\t\t<\/div>\n\t\t\t\t<div class=\"elementor-element elementor-element-22c6232f elementor-widget elementor-widget-image\" data-id=\"22c6232f\" data-element_type=\"widget\" data-e-type=\"widget\" data-widget_type=\"image.default\">\n\t\t\t\t<div class=\"elementor-widget-container\">\n\t\t\t\t\t\t\t\t\t\t\t\t\t\t\t<img decoding=\"async\" width=\"544\" height=\"302\" src=\"https:\/\/uvalal.uva.es\/files\/2022\/10\/caratula-reading-ET-person_gif.gif\" class=\"attachment-large size-large wp-image-5207\" alt=\"\" \/>\t\t\t\t\t\t\t\t\t\t\t\t\t\t\t<\/div>\n\t\t\t\t<\/div>\n\t\t\t\t\t<\/div>\n\t\t<\/div>\n\t\t\t\t<div class=\"elementor-column elementor-col-50 elementor-top-column elementor-element elementor-element-3aa63111\" data-id=\"3aa63111\" data-element_type=\"column\" data-e-type=\"column\">\n\t\t\t<div class=\"elementor-widget-wrap elementor-element-populated\">\n\t\t\t\t\t\t<div class=\"elementor-element elementor-element-2de31eab elementor-widget elementor-widget-text-editor\" data-id=\"2de31eab\" data-element_type=\"widget\" data-e-type=\"widget\" data-widget_type=\"text-editor.default\">\n\t\t\t\t<div class=\"elementor-widget-container\">\n\t\t\t\t\t\t\t\t\t<p style=\"text-align: left\"><span style=\"color: #50a2ce\"><strong>eye tracking_S-V<\/strong><\/span><\/p><ul><li style=\"text-align: left\"><strong>prueba<\/strong>: los participantes observan una imagen y leen en silencio una oraci\u00f3n relacionada con dicha imagen. Despu\u00e9s tienen que juzgar la aceptabilidad de la oraci\u00f3n utilizando una escala del 1 al 4 donde cada uno de los valores est\u00e1 representado por un emoticono (1 = muy mal; 4 = excelente)<\/li><li style=\"text-align: left\"><strong>implementaci\u00f3n<\/strong>: metodolog\u00eda del seguimiento ocular (eye tracking)<\/li><li style=\"text-align: left\"><strong>lenguas<\/strong>: ingl\u00e9s, espa\u00f1ol<\/li><li style=\"text-align: left\"><strong>participantes<\/strong><br \/>\u00a0 \u00a0 \u00a0ni\u00f1os: 24 (L1 espa\u00f1ol-L2 ingl\u00e9s); 5 (L1 espa\u00f1ol-ingl\u00e9s de herencia)<br \/>\u00a0 \u00a0 \u00a0adultos: 12 (L1 ingl\u00e9s-espa\u00f1ol de herencia)<\/li><li style=\"text-align: left\"><strong>objetivo<\/strong>: analizar c\u00f3mo las propiedades de dos sistemas ling\u00fc\u00edsticos interact\u00faan en la mente del biling\u00fce. Concretamente, se analiza la alternancia de c\u00f3digos entre el sujeto y verbo y se abordan tres aspectos: la direccionalidad de la alternancia de c\u00f3digos, la naturaleza del sujeto como sintagma determinante o pronombre y la persona gramatical en el caso de los sujetos pronominales<\/li><\/ul>\t\t\t\t\t\t\t\t<\/div>\n\t\t\t\t<\/div>\n\t\t\t\t\t<\/div>\n\t\t<\/div>\n\t\t\t\t\t<\/div>\n\t\t<\/section>\n\t\t\t\t<\/div>\n\t\t","protected":false},"excerpt":{"rendered":"<p>eye tracking_concord prueba: los participantes tienen que leer en silencio una serie de oraciones algunas de las cuales est\u00e1n en ingl\u00e9s, otras en espa\u00f1ol y otras tienen alternancia de c\u00f3digos entre el ingl\u00e9s y el espa\u00f1ol implementaci\u00f3n: metodolog\u00eda del seguimiento ocular (eye tracking) lenguas: ingl\u00e9s, espa\u00f1ol participantes\u00a0 \u00a0 \u00a0ni\u00f1os: 33 (L1 espa\u00f1ol-L2 ingl\u00e9s); 7 (L1 [&hellip;]<\/p>\n","protected":false},"author":556,"featured_media":0,"parent":1374,"menu_order":3,"comment_status":"closed","ping_status":"closed","template":"page-full-width.php","meta":{"footnotes":""},"class_list":["post-111","page","type-page","status-publish","hentry"],"_links":{"self":[{"href":"https:\/\/uvalal.uva.es\/index.php\/wp-json\/wp\/v2\/pages\/111","targetHints":{"allow":["GET"]}}],"collection":[{"href":"https:\/\/uvalal.uva.es\/index.php\/wp-json\/wp\/v2\/pages"}],"about":[{"href":"https:\/\/uvalal.uva.es\/index.php\/wp-json\/wp\/v2\/types\/page"}],"author":[{"embeddable":true,"href":"https:\/\/uvalal.uva.es\/index.php\/wp-json\/wp\/v2\/users\/556"}],"replies":[{"embeddable":true,"href":"https:\/\/uvalal.uva.es\/index.php\/wp-json\/wp\/v2\/comments?post=111"}],"version-history":[{"count":0,"href":"https:\/\/uvalal.uva.es\/index.php\/wp-json\/wp\/v2\/pages\/111\/revisions"}],"up":[{"embeddable":true,"href":"https:\/\/uvalal.uva.es\/index.php\/wp-json\/wp\/v2\/pages\/1374"}],"wp:attachment":[{"href":"https:\/\/uvalal.uva.es\/index.php\/wp-json\/wp\/v2\/media?parent=111"}],"curies":[{"name":"wp","href":"https:\/\/api.w.org\/{rel}","templated":true}]}}