{"id":104,"date":"2017-10-29T07:29:50","date_gmt":"2017-10-29T07:29:50","guid":{"rendered":"http:\/\/www3.uva.es\/uvalal\/?page_id=104"},"modified":"2025-07-28T12:21:05","modified_gmt":"2025-07-28T11:21:05","slug":"colaboradores","status":"publish","type":"page","link":"https:\/\/uvalal.uva.es\/index.php\/es\/grupo-2\/colaboradores\/","title":{"rendered":"colaboradores"},"content":{"rendered":"\t\t<div data-elementor-type=\"wp-page\" data-elementor-id=\"104\" class=\"elementor elementor-104\">\n\t\t\t\t\t\t<section class=\"elementor-section elementor-top-section elementor-element elementor-element-7e6c2dc0 elementor-section-boxed elementor-section-height-default elementor-section-height-default\" data-id=\"7e6c2dc0\" data-element_type=\"section\" data-e-type=\"section\">\n\t\t\t\t\t\t<div class=\"elementor-container elementor-column-gap-default\">\n\t\t\t\t\t<div class=\"elementor-column elementor-col-100 elementor-top-column elementor-element elementor-element-9c0f8b\" data-id=\"9c0f8b\" data-element_type=\"column\" data-e-type=\"column\">\n\t\t\t<div class=\"elementor-widget-wrap elementor-element-populated\">\n\t\t\t\t\t\t<div class=\"elementor-element elementor-element-68a1bd86 elementor-widget elementor-widget-text-editor\" data-id=\"68a1bd86\" data-element_type=\"widget\" data-e-type=\"widget\" data-widget_type=\"text-editor.default\">\n\t\t\t\t<div class=\"elementor-widget-container\">\n\t\t\t\t\t\t\t\t\t<ul><li>Juana M. Liceras, <a href=\"https:\/\/www.uottawa.ca\/faculty-arts\/modern-languages-literatures\/lab\" target=\"_blank\" rel=\"noopener noreferrer\">LarLab<\/a> (Language Acquisition Research Laboratory), University of Ottawa (Canad\u00e1)<\/li><li>Elena Valenzuela, <a href=\"https:\/\/www.uottawa.ca\/faculty-arts\/modern-languages-literatures\/lab\" target=\"_blank\" rel=\"noopener noreferrer\">LarLab<\/a> <span style=\"font-style: normal\">(Language Acquisition Research Laboratory), University of Ottawa (Canad\u00e1)<\/span><\/li><li>Alain Desrochers, <a href=\"https:\/\/www.uottawa.ca\/brain\/people\/desrochers-alain\" target=\"_blank\" rel=\"noopener noreferrer\">uOBMRI<\/a> (University of Ottawa Brain and Mind Research Institute), University of Ottawa\u00a0(Canad\u00e1)<\/li><li>Elisa Rosado Villegas, <a href=\"http:\/\/www.ub.edu\/ice\/recerca\/grerli\/index.htm\" target=\"_blank\" rel=\"noopener noreferrer\">GRERLI<\/a> (Grup de Recerca per a l&#8217;Estudi del Repertori Ling\u00fc\u00edstic), Universitat de Barcelona (Espa\u00f1a)<\/li><li>Aurora Bel i Gaya, <a href=\"https:\/\/www.upf.edu\/web\/allencam\/\" target=\"_blank\" rel=\"noopener noreferrer\">ALLENCAM<\/a> (Grup de Recerca en Adquisici\u00f3 de Lleng\u00fces des de la Catalunya Multiling\u00fce), Universitat Pompeu Fabra (Espa\u00f1a)<\/li><li>David Ingram, <a href=\"https:\/\/search.asu.edu\/profile\/45134\" target=\"_blank\" rel=\"noopener noreferrer\">CLR Lab<\/a> (Child Language Research Laboratory), University of Arizona State (EE.UU.)<\/li><li>Antonio Borja Garc\u00eda y Claire White\u00a0(desde 2022), <a href=\"https:\/\/valladolid.iepgroup.es\" target=\"_blank\" rel=\"noopener noreferrer\">Colegio Internacional de Valladolid<\/a> (Espa\u00f1a)<\/li><li>Cheryl English y Jodie Lutz (hasta 2022), <a href=\"https:\/\/valladolid.iepgroup.es\" target=\"_blank\" rel=\"noopener noreferrer\">Colegio Internacional de Valladolid<\/a> (Espa\u00f1a)<\/li><li>\u00c1ngel Ag\u00fandez, <a href=\"https:\/\/www.valladolid.es\/es\" target=\"_blank\" rel=\"noopener noreferrer\">Ayuntamiento de Valladolid<\/a> (Espa\u00f1a)<\/li><li><a href=\"http:\/\/www.soldegato.com\" target=\"_blank\" rel=\"noopener\">Soldegato Laboratorio de Ideas<\/a> (Espa\u00f1a)<\/li><li>Silvia S\u00e1nchez Calder\u00f3n, <a href=\"https:\/\/www.uned.es\/universidad\/docentes\/filologia\/silvia-sanchez-calderon.html#publicaciones\" target=\"_blank\" rel=\"noopener\">Departamento de Filolog\u00edas Extranjeras y sus Ling\u00fc\u00edsticas<\/a>, UNED (Espa\u00f1a)<\/li><li>Ana de Prada P\u00e9rez, <a href=\"https:\/\/ahi.maynoothuniversity.ie\/multilingualism-interculturalism-social-cohesion\/membership\/\" target=\"_blank\" rel=\"noopener\">MISC<\/a> (Multilingualism, Interculturalism and Social Cohesion), Maynooth University (Irlanda)<\/li><li>Beatriz de Diego, ALES Lab (Laboratorio de investigacio\u0301n en Audicio\u0301n, Lenguaje, y Exploracio\u0301n Sonora), Psicologi\u0301a y Dida\u0301ctica de la Expresio\u0301n Musical, <a href=\"https:\/\/educasg.uva.es\" target=\"_blank\" rel=\"noopener\">Facultad de Educacio\u0301n de Segovia<\/a>, Universidad de Valladolid (Espa\u00f1a)<\/li><\/ul><p><strong>antiguos colaboradores<\/strong><\/p><ul><li>Susana Mu\u00f1iz Fern\u00e1ndez, <a href=\"http:\/\/www.uva.es\" target=\"_blank\" rel=\"noopener noreferrer\">Universidad de Valladolid<\/a> (Espa\u00f1a) (2002-2009)<\/li><li>Roc\u00edo P\u00e9rez-Tattam, <a href=\"https:\/\/www.bangor.ac.uk\/bilingualism\/?catid=&amp;subid=6603\" target=\"_blank\" rel=\"noopener noreferrer\">ESRC<\/a> (Centre for Research on Bilingualism), University of Bangor (Reino Unido) (2003-2010)<\/li><li>Mar\u00eda Isabel Parrado Rom\u00e1n, <a href=\"http:\/\/www.uva.es\" target=\"_blank\" rel=\"noopener noreferrer\">Universidad de Valladolid<\/a>\u00a0(Espa\u00f1a) (2004-2008)<\/li><li>Susana Perales Haya, <a href=\"http:\/\/web.unican.es\" target=\"_blank\" rel=\"noopener noreferrer\">Universidad de Cantabria<\/a> (Espa\u00f1a) (2005-2013)<\/li><li>Alejandro Mart\u00ednez, <a href=\"http:\/\/www.uva.es\" target=\"_blank\" rel=\"noopener noreferrer\">Universidad de Valladolid<\/a> (Espa\u00f1a) (2018-2019)<\/li><li>Diana Carrascal Tris, <a href=\"http:\/\/www.uva.es\" target=\"_blank\" rel=\"noopener noreferrer\">Universidad de Valladolid<\/a> (Espa\u00f1a) (2016-2025)<\/li><li>Radoslava Stankova Laikova, <a href=\"http:\/\/www.uva.es\">Universidad de Valladolid<\/a> (Espa\u00f1a) (2015-2025)<\/li><\/ul>\t\t\t\t\t\t\t\t<\/div>\n\t\t\t\t<\/div>\n\t\t\t\t\t<\/div>\n\t\t<\/div>\n\t\t\t\t\t<\/div>\n\t\t<\/section>\n\t\t\t\t<\/div>\n\t\t","protected":false},"excerpt":{"rendered":"<p>Juana M. Liceras, LarLab (Language Acquisition Research Laboratory), University of Ottawa (Canad\u00e1) Elena Valenzuela, LarLab (Language Acquisition Research Laboratory), University of Ottawa (Canad\u00e1) Alain Desrochers, uOBMRI (University of Ottawa Brain and Mind Research Institute), University of Ottawa\u00a0(Canad\u00e1) Elisa Rosado Villegas, GRERLI (Grup de Recerca per a l&#8217;Estudi del Repertori Ling\u00fc\u00edstic), Universitat de Barcelona (Espa\u00f1a) Aurora [&hellip;]<\/p>\n","protected":false},"author":556,"featured_media":0,"parent":132,"menu_order":2,"comment_status":"closed","ping_status":"closed","template":"page-full-width.php","meta":{"footnotes":""},"class_list":["post-104","page","type-page","status-publish","hentry"],"_links":{"self":[{"href":"https:\/\/uvalal.uva.es\/index.php\/wp-json\/wp\/v2\/pages\/104","targetHints":{"allow":["GET"]}}],"collection":[{"href":"https:\/\/uvalal.uva.es\/index.php\/wp-json\/wp\/v2\/pages"}],"about":[{"href":"https:\/\/uvalal.uva.es\/index.php\/wp-json\/wp\/v2\/types\/page"}],"author":[{"embeddable":true,"href":"https:\/\/uvalal.uva.es\/index.php\/wp-json\/wp\/v2\/users\/556"}],"replies":[{"embeddable":true,"href":"https:\/\/uvalal.uva.es\/index.php\/wp-json\/wp\/v2\/comments?post=104"}],"version-history":[{"count":12,"href":"https:\/\/uvalal.uva.es\/index.php\/wp-json\/wp\/v2\/pages\/104\/revisions"}],"predecessor-version":[{"id":7273,"href":"https:\/\/uvalal.uva.es\/index.php\/wp-json\/wp\/v2\/pages\/104\/revisions\/7273"}],"up":[{"embeddable":true,"href":"https:\/\/uvalal.uva.es\/index.php\/wp-json\/wp\/v2\/pages\/132"}],"wp:attachment":[{"href":"https:\/\/uvalal.uva.es\/index.php\/wp-json\/wp\/v2\/media?parent=104"}],"curies":[{"name":"wp","href":"https:\/\/api.w.org\/{rel}","templated":true}]}}