{"id":101,"date":"2017-10-29T07:29:21","date_gmt":"2017-10-29T07:29:21","guid":{"rendered":"http:\/\/www3.uva.es\/uvalal\/?page_id=101"},"modified":"2020-07-22T19:50:52","modified_gmt":"2020-07-22T17:50:52","slug":"grupo","status":"publish","type":"page","link":"https:\/\/uvalal.uva.es\/index.php\/es\/datos\/corpus\/corpus-ferfulice\/grupo\/","title":{"rendered":"gemelos biling\u00fces"},"content":{"rendered":"<p style=\"text-align: left\">Los gemelos biling\u00fces del corpus <a href=\"http:\/\/childes.talkbank.org\/access\/Biling\/FerFuLice.html\" target=\"_blank\" rel=\"noopener noreferrer\"><strong>FerFuLice<\/strong><\/a> son Simon y Leo, hijos de una familia de clase media que vive en Espa\u00f1a. El padre, Ivo, es hablante nativo de espa\u00f1ol peninsular y la madre, Melanie, de ingl\u00e9s norteamericano. Desde el nacimiento de los ni\u00f1os, los padres han seguido una estricta separaci\u00f3n de las dos lenguas, de modo que cada uno se dirige a los ni\u00f1os en su lengua materna (regla de Grammont (1902), una persona, una lengua) (Ronjat 1913). Entre los padres se comunican principalmente en espa\u00f1ol, excepto durante los veranos, cuando la familia pasa dos meses en Estados Unidos, o si est\u00e1 presente un hablante monoling\u00fce ingl\u00e9s. Se trata, por tanto, de adquisici\u00f3n simult\u00e1nea de dos lenguas primeras (espa\u00f1ol e ingl\u00e9s) en un contexto social monoling\u00fce (espa\u00f1ol), un tipo de biling\u00fcismo denominado biling\u00fcismo individual (Bhatia y Ritchie 2004).<\/p>\n<p style=\"text-align: left\">Durante el primer a\u00f1o, Melanie pasaba la mayor parte del tiempo con los gemelos, mientras que el padre lo hac\u00eda sobre todo durante los fines de semana y con menor frecuencia durante la semana. A la edad de 1;10 empezaron a ir a la guarder\u00eda, donde el espa\u00f1ol era la lengua utilizada por el personal y el resto de los ni\u00f1os. Adem\u00e1s del de la madre, los gemelos estaban expuestos a input en ingl\u00e9s durante las visitas ocasionales de los abuelos maternos y durante las estancias anuales de dos meses en los Estados Unidos.<\/p>\n","protected":false},"excerpt":{"rendered":"<p>Los gemelos biling\u00fces del corpus FerFuLice son Simon y Leo, hijos de una familia de clase media que vive en Espa\u00f1a. El padre, Ivo, es hablante nativo de espa\u00f1ol peninsular y la madre, Melanie, de ingl\u00e9s norteamericano. Desde el nacimiento de los ni\u00f1os, los padres han seguido una estricta separaci\u00f3n de las dos lenguas, de [&hellip;]<\/p>\n","protected":false},"author":556,"featured_media":0,"parent":135,"menu_order":1,"comment_status":"closed","ping_status":"closed","template":"page-full-width.php","meta":{"footnotes":""},"class_list":["post-101","page","type-page","status-publish","hentry"],"_links":{"self":[{"href":"https:\/\/uvalal.uva.es\/index.php\/wp-json\/wp\/v2\/pages\/101","targetHints":{"allow":["GET"]}}],"collection":[{"href":"https:\/\/uvalal.uva.es\/index.php\/wp-json\/wp\/v2\/pages"}],"about":[{"href":"https:\/\/uvalal.uva.es\/index.php\/wp-json\/wp\/v2\/types\/page"}],"author":[{"embeddable":true,"href":"https:\/\/uvalal.uva.es\/index.php\/wp-json\/wp\/v2\/users\/556"}],"replies":[{"embeddable":true,"href":"https:\/\/uvalal.uva.es\/index.php\/wp-json\/wp\/v2\/comments?post=101"}],"version-history":[{"count":0,"href":"https:\/\/uvalal.uva.es\/index.php\/wp-json\/wp\/v2\/pages\/101\/revisions"}],"up":[{"embeddable":true,"href":"https:\/\/uvalal.uva.es\/index.php\/wp-json\/wp\/v2\/pages\/135"}],"wp:attachment":[{"href":"https:\/\/uvalal.uva.es\/index.php\/wp-json\/wp\/v2\/media?parent=101"}],"curies":[{"name":"wp","href":"https:\/\/api.w.org\/{rel}","templated":true}]}}